{"id":48538,"date":"2025-07-22T10:29:23","date_gmt":"2025-07-22T14:29:23","guid":{"rendered":"https:\/\/edyka.org\/produit\/roi-des-maths-junior\/"},"modified":"2025-07-22T10:29:23","modified_gmt":"2025-07-22T14:29:23","slug":"roi-des-maths-junior","status":"publish","type":"product","link":"https:\/\/edyka.org\/en\/produit\/roi-des-maths-junior\/","title":{"rendered":"Roi des maths junior"},"content":{"rendered":"<p><a href=\"https:\/\/play.google.com\/store\/apps\/details?id=com.oddrobo.komjfree&#038;hl=fr&#038;gl=US\" rel=\"nofollow\">https:\/\/play.google.com\/store\/apps\/details?id=com.oddrobo.komjfree&#038;hl=fr&#038;gl=US<\/a><\/p>\n","protected":false},"excerpt":{"rendered":"<p>L&#8217;\u00e9l\u00e8ve doit r\u00e9pondre \u00e0 des questions de math\u00e9matiques et r\u00e9soudre des \u00e9nigmes (monde m\u00e9di\u00e9val). La version gratuite : calcul, additions, m\u00e9langes.<\/p>\n","protected":false},"featured_media":37666,"template":"","meta":[],"product_brand":[],"product_cat":[1115,1101,1081,1083,1074,1097],"product_tag":[],"class_list":{"0":"post-48538","1":"product","2":"type-product","3":"status-publish","4":"has-post-thumbnail","6":"product_cat-educational","7":"product_cat-enrichment","8":"product_cat-french","9":"product_cat-giftedness","10":"product_cat-interactive","11":"product_cat-learning","13":"first","14":"instock","15":"shipping-taxable","16":"product-type-simple"},"jetpack_sharing_enabled":true,"_links":{"self":[{"href":"https:\/\/edyka.org\/en\/wp-json\/wp\/v2\/product\/48538","targetHints":{"allow":["GET"]}}],"collection":[{"href":"https:\/\/edyka.org\/en\/wp-json\/wp\/v2\/product"}],"about":[{"href":"https:\/\/edyka.org\/en\/wp-json\/wp\/v2\/types\/product"}],"wp:featuredmedia":[{"embeddable":true,"href":"https:\/\/edyka.org\/en\/wp-json\/wp\/v2\/media\/37666"}],"wp:attachment":[{"href":"https:\/\/edyka.org\/en\/wp-json\/wp\/v2\/media?parent=48538"}],"wp:term":[{"taxonomy":"product_brand","embeddable":true,"href":"https:\/\/edyka.org\/en\/wp-json\/wp\/v2\/product_brand?post=48538"},{"taxonomy":"product_cat","embeddable":true,"href":"https:\/\/edyka.org\/en\/wp-json\/wp\/v2\/product_cat?post=48538"},{"taxonomy":"product_tag","embeddable":true,"href":"https:\/\/edyka.org\/en\/wp-json\/wp\/v2\/product_tag?post=48538"}],"curies":[{"name":"wp","href":"https:\/\/api.w.org\/{rel}","templated":true}]}}