{"id":48537,"date":"2025-07-22T10:29:23","date_gmt":"2025-07-22T14:29:23","guid":{"rendered":"https:\/\/edyka.org\/produit\/comment-jai-dessine\/"},"modified":"2025-07-22T10:29:23","modified_gmt":"2025-07-22T14:29:23","slug":"comment-jai-dessine","status":"publish","type":"product","link":"https:\/\/edyka.org\/en\/produit\/comment-jai-dessine\/","title":{"rendered":"Comment j&#8217;ai dessin\u00e9"},"content":{"rendered":"<p><iframe title=\"Comment j&#039;ai dessin\u00e9\" width=\"1200\" height=\"675\" src=\"https:\/\/www.youtube.com\/embed\/videoseries?list=PL43OynbWaTMLSUzMpmqwuKcJNbTeC5GhD\" frameborder=\"0\" allow=\"accelerometer; autoplay; clipboard-write; encrypted-media; gyroscope; picture-in-picture; web-share\" referrerpolicy=\"strict-origin-when-cross-origin\" allowfullscreen><\/iframe><\/p>\n","protected":false},"excerpt":{"rendered":"<p>Comment j\u2019ai dessin\u00e9 &#8211; Des interviews d&#8217;auteurs de bandes dessin\u00e9es qui livrent les clefs de leur art \u00e0 France Inter (Youtube) <\/p>\n","protected":false},"featured_media":37660,"template":"","meta":[],"product_brand":[],"product_cat":[1101,1081,1083,1078,1113],"product_tag":[],"class_list":{"0":"post-48537","1":"product","2":"type-product","3":"status-publish","4":"has-post-thumbnail","6":"product_cat-enrichment","7":"product_cat-french","8":"product_cat-giftedness","9":"product_cat-video-en","10":"product_cat-youth","12":"first","13":"instock","14":"shipping-taxable","15":"product-type-simple"},"jetpack_sharing_enabled":true,"_links":{"self":[{"href":"https:\/\/edyka.org\/en\/wp-json\/wp\/v2\/product\/48537","targetHints":{"allow":["GET"]}}],"collection":[{"href":"https:\/\/edyka.org\/en\/wp-json\/wp\/v2\/product"}],"about":[{"href":"https:\/\/edyka.org\/en\/wp-json\/wp\/v2\/types\/product"}],"version-history":[{"count":0,"href":"https:\/\/edyka.org\/en\/wp-json\/wp\/v2\/product\/48537\/revisions"}],"wp:featuredmedia":[{"embeddable":true,"href":"https:\/\/edyka.org\/en\/wp-json\/wp\/v2\/media\/37660"}],"wp:attachment":[{"href":"https:\/\/edyka.org\/en\/wp-json\/wp\/v2\/media?parent=48537"}],"wp:term":[{"taxonomy":"product_brand","embeddable":true,"href":"https:\/\/edyka.org\/en\/wp-json\/wp\/v2\/product_brand?post=48537"},{"taxonomy":"product_cat","embeddable":true,"href":"https:\/\/edyka.org\/en\/wp-json\/wp\/v2\/product_cat?post=48537"},{"taxonomy":"product_tag","embeddable":true,"href":"https:\/\/edyka.org\/en\/wp-json\/wp\/v2\/product_tag?post=48537"}],"curies":[{"name":"wp","href":"https:\/\/api.w.org\/{rel}","templated":true}]}}