{"id":48535,"date":"2025-07-22T10:29:24","date_gmt":"2025-07-22T14:29:24","guid":{"rendered":"https:\/\/edyka.org\/produit\/petits-ateliers-decriture-creative\/"},"modified":"2025-07-22T10:29:24","modified_gmt":"2025-07-22T14:29:24","slug":"petits-ateliers-decriture-creative","status":"publish","type":"product","link":"https:\/\/edyka.org\/en\/produit\/petits-ateliers-decriture-creative\/","title":{"rendered":"Petits Ateliers d\u2019\u00e9criture cr\u00e9ative"},"content":{"rendered":"<p><a href=\"https:\/\/www.archambault.ca\/Livre\/petit-atelier-d&#8217;%C3%A9criture-cr%C3%A9ative\/louie-stowell\/9781474939249\/?lang=en-ca&#038;id=2281794&#038;srsltid=AfmBOorz-AzM0962KlCBBauz7qVHSnu2BPAFwt3E2pPEun4RMYYCPIeY\" rel=\"nofollow\">https:\/\/www.archambault.ca\/Livre\/petit-atelier-d&#8217;%C3%A9criture-cr%C3%A9ative\/louie-stowell\/9781474939249\/?lang=en-ca&#038;id=2281794&#038;srsltid=AfmBOorz-AzM0962KlCBBauz7qVHSnu2BPAFwt3E2pPEun4RMYYCPIeY<\/a><\/p>\n","protected":false},"excerpt":{"rendered":"<p>Petit atelier d&#8217;\u00e9criture cr\u00e9ative . Laisse libre cours \u00e0 tes id\u00e9es gr\u00e2ce \u00e0 ce livre stimulant. Tu y trouveras des instructions et des conseils pour r\u00e9diger des r\u00e9cits en tout genre : po\u00e8mes, BD, critiques, histoires, blogs, sc\u00e9narios et d&#8217;autres encore. Tu pourras \u00e9crire sur les pages m\u00eames, mais pas de pages blanches angoissantes !.<\/p>\n","protected":false},"featured_media":37660,"template":"","meta":[],"product_brand":[],"product_cat":[1115,1101,1081,1083,1076,1113],"product_tag":[],"class_list":{"0":"post-48535","1":"product","2":"type-product","3":"status-publish","4":"has-post-thumbnail","6":"product_cat-educational","7":"product_cat-enrichment","8":"product_cat-french","9":"product_cat-giftedness","10":"product_cat-physical","11":"product_cat-youth","13":"first","14":"instock","15":"shipping-taxable","16":"product-type-simple"},"jetpack_sharing_enabled":true,"_links":{"self":[{"href":"https:\/\/edyka.org\/en\/wp-json\/wp\/v2\/product\/48535","targetHints":{"allow":["GET"]}}],"collection":[{"href":"https:\/\/edyka.org\/en\/wp-json\/wp\/v2\/product"}],"about":[{"href":"https:\/\/edyka.org\/en\/wp-json\/wp\/v2\/types\/product"}],"wp:featuredmedia":[{"embeddable":true,"href":"https:\/\/edyka.org\/en\/wp-json\/wp\/v2\/media\/37660"}],"wp:attachment":[{"href":"https:\/\/edyka.org\/en\/wp-json\/wp\/v2\/media?parent=48535"}],"wp:term":[{"taxonomy":"product_brand","embeddable":true,"href":"https:\/\/edyka.org\/en\/wp-json\/wp\/v2\/product_brand?post=48535"},{"taxonomy":"product_cat","embeddable":true,"href":"https:\/\/edyka.org\/en\/wp-json\/wp\/v2\/product_cat?post=48535"},{"taxonomy":"product_tag","embeddable":true,"href":"https:\/\/edyka.org\/en\/wp-json\/wp\/v2\/product_tag?post=48535"}],"curies":[{"name":"wp","href":"https:\/\/api.w.org\/{rel}","templated":true}]}}