{"id":48533,"date":"2025-07-22T10:29:24","date_gmt":"2025-07-22T14:29:24","guid":{"rendered":"https:\/\/edyka.org\/produit\/mathador\/"},"modified":"2025-07-22T10:29:24","modified_gmt":"2025-07-22T14:29:24","slug":"mathador","status":"publish","type":"product","link":"https:\/\/edyka.org\/en\/produit\/mathador\/","title":{"rendered":"Mathador"},"content":{"rendered":"<p><a href=\"https:\/\/www.mathador.fr\/\" rel=\"nofollow\">https:\/\/www.mathador.fr\/<\/a><\/p>\n","protected":false},"excerpt":{"rendered":"<p>Un jeu de soci\u00e9t\u00e9 qui combine r\u00e9flexion, calcul mental et strat\u00e9gie. Les joueurs doivent utiliser des chiffres et des op\u00e9rations pour atteindre un objectif num\u00e9rique donn\u00e9<\/p>\n","protected":false},"featured_media":37666,"template":"","meta":[],"product_brand":[],"product_cat":[1081,1097,1076,1114,1113],"product_tag":[],"class_list":{"0":"post-48533","1":"product","2":"type-product","3":"status-publish","4":"has-post-thumbnail","6":"product_cat-french","7":"product_cat-learning","8":"product_cat-physical","9":"product_cat-practical","10":"product_cat-youth","12":"first","13":"instock","14":"shipping-taxable","15":"product-type-simple"},"jetpack_sharing_enabled":true,"_links":{"self":[{"href":"https:\/\/edyka.org\/en\/wp-json\/wp\/v2\/product\/48533","targetHints":{"allow":["GET"]}}],"collection":[{"href":"https:\/\/edyka.org\/en\/wp-json\/wp\/v2\/product"}],"about":[{"href":"https:\/\/edyka.org\/en\/wp-json\/wp\/v2\/types\/product"}],"wp:featuredmedia":[{"embeddable":true,"href":"https:\/\/edyka.org\/en\/wp-json\/wp\/v2\/media\/37666"}],"wp:attachment":[{"href":"https:\/\/edyka.org\/en\/wp-json\/wp\/v2\/media?parent=48533"}],"wp:term":[{"taxonomy":"product_brand","embeddable":true,"href":"https:\/\/edyka.org\/en\/wp-json\/wp\/v2\/product_brand?post=48533"},{"taxonomy":"product_cat","embeddable":true,"href":"https:\/\/edyka.org\/en\/wp-json\/wp\/v2\/product_cat?post=48533"},{"taxonomy":"product_tag","embeddable":true,"href":"https:\/\/edyka.org\/en\/wp-json\/wp\/v2\/product_tag?post=48533"}],"curies":[{"name":"wp","href":"https:\/\/api.w.org\/{rel}","templated":true}]}}