{"id":48525,"date":"2025-07-22T10:29:34","date_gmt":"2025-07-22T14:29:34","guid":{"rendered":"https:\/\/edyka.org\/produit\/antidote\/"},"modified":"2025-07-22T10:29:34","modified_gmt":"2025-07-22T14:29:34","slug":"antidote","status":"publish","type":"product","link":"https:\/\/edyka.org\/en\/produit\/antidote\/","title":{"rendered":"Antidote"},"content":{"rendered":"<p><a href=\"https:\/\/www.antidote.info\/fr\/\" rel=\"nofollow\">https:\/\/www.antidote.info\/fr\/<\/a><\/p>\n","protected":false},"excerpt":{"rendered":"<p>C&#8217;est l&#8217;un des logiciels de correction les plus populaires et complets. Il offre une v\u00e9rification orthographique et grammaticale avanc\u00e9e, des suggestions de correction, des dictionnaires et des guides linguistiques. Il est largement utilis\u00e9 pour aider les enfants \u00e0 am\u00e9liorer leur \u00e9criture<\/p>\n","protected":false},"featured_media":33736,"template":"","meta":[],"product_brand":[],"product_cat":[1115,1081,1074,1097,1114],"product_tag":[],"class_list":{"0":"post-48525","1":"product","2":"type-product","3":"status-publish","4":"has-post-thumbnail","6":"product_cat-educational","7":"product_cat-french","8":"product_cat-interactive","9":"product_cat-learning","10":"product_cat-practical","12":"first","13":"instock","14":"shipping-taxable","15":"product-type-simple"},"jetpack_sharing_enabled":true,"_links":{"self":[{"href":"https:\/\/edyka.org\/en\/wp-json\/wp\/v2\/product\/48525","targetHints":{"allow":["GET"]}}],"collection":[{"href":"https:\/\/edyka.org\/en\/wp-json\/wp\/v2\/product"}],"about":[{"href":"https:\/\/edyka.org\/en\/wp-json\/wp\/v2\/types\/product"}],"wp:featuredmedia":[{"embeddable":true,"href":"https:\/\/edyka.org\/en\/wp-json\/wp\/v2\/media\/33736"}],"wp:attachment":[{"href":"https:\/\/edyka.org\/en\/wp-json\/wp\/v2\/media?parent=48525"}],"wp:term":[{"taxonomy":"product_brand","embeddable":true,"href":"https:\/\/edyka.org\/en\/wp-json\/wp\/v2\/product_brand?post=48525"},{"taxonomy":"product_cat","embeddable":true,"href":"https:\/\/edyka.org\/en\/wp-json\/wp\/v2\/product_cat?post=48525"},{"taxonomy":"product_tag","embeddable":true,"href":"https:\/\/edyka.org\/en\/wp-json\/wp\/v2\/product_tag?post=48525"}],"curies":[{"name":"wp","href":"https:\/\/api.w.org\/{rel}","templated":true}]}}