{"id":48524,"date":"2025-07-22T10:29:51","date_gmt":"2025-07-22T14:29:51","guid":{"rendered":"https:\/\/edyka.org\/produit\/les-troubles-mentaux-dans-la-deficience-intellectuelle\/"},"modified":"2025-07-22T10:29:51","modified_gmt":"2025-07-22T14:29:51","slug":"les-troubles-mentaux-dans-la-deficience-intellectuelle","status":"publish","type":"product","link":"https:\/\/edyka.org\/en\/produit\/les-troubles-mentaux-dans-la-deficience-intellectuelle\/","title":{"rendered":"Les troubles mentaux dans la d\u00e9ficience intellectuelle"},"content":{"rendered":"<p><a href=\"https:\/\/www.editions-harmattan.fr\/livre-les_troubles_mentaux_dans_la_deficience_intellectuelle_samuel_gonzales_puell-9782343100012-51803.html\" rel=\"nofollow\">https:\/\/www.editions-harmattan.fr\/livre-les_troubles_mentaux_dans_la_deficience_intellectuelle_samuel_gonzales_puell-9782343100012-51803.html<\/a><\/p>\n","protected":false},"excerpt":{"rendered":"<p>L&#8217;auteur explore de mani\u00e8re claire ce domaine, vaste et transdisciplinaire, au carrefour de la psychiatrie, de la psychologie clinique et de la p\u00e9dagogie sp\u00e9cialis\u00e9e. Il pr\u00e9sente une vue d&#8217;ensemble du probl\u00e8me, en utilisant une approche clinique \u00e9volutive, d\u00e8s l&#8217;enfance \u00e0 la vieillesse en passant par l&#8217;\u00e2ge adulte.<\/p>\n","protected":false},"featured_media":23645,"template":"","meta":[],"product_brand":[],"product_cat":[1081,1086,1116,1077],"product_tag":[],"class_list":{"0":"post-48524","1":"product","2":"type-product","3":"status-publish","4":"has-post-thumbnail","6":"product_cat-french","7":"product_cat-intellectual-disability","8":"product_cat-scientific","9":"product_cat-text","11":"first","12":"instock","13":"shipping-taxable","14":"product-type-simple"},"jetpack_sharing_enabled":true,"_links":{"self":[{"href":"https:\/\/edyka.org\/en\/wp-json\/wp\/v2\/product\/48524","targetHints":{"allow":["GET"]}}],"collection":[{"href":"https:\/\/edyka.org\/en\/wp-json\/wp\/v2\/product"}],"about":[{"href":"https:\/\/edyka.org\/en\/wp-json\/wp\/v2\/types\/product"}],"version-history":[{"count":0,"href":"https:\/\/edyka.org\/en\/wp-json\/wp\/v2\/product\/48524\/revisions"}],"wp:featuredmedia":[{"embeddable":true,"href":"https:\/\/edyka.org\/en\/wp-json\/wp\/v2\/media\/23645"}],"wp:attachment":[{"href":"https:\/\/edyka.org\/en\/wp-json\/wp\/v2\/media?parent=48524"}],"wp:term":[{"taxonomy":"product_brand","embeddable":true,"href":"https:\/\/edyka.org\/en\/wp-json\/wp\/v2\/product_brand?post=48524"},{"taxonomy":"product_cat","embeddable":true,"href":"https:\/\/edyka.org\/en\/wp-json\/wp\/v2\/product_cat?post=48524"},{"taxonomy":"product_tag","embeddable":true,"href":"https:\/\/edyka.org\/en\/wp-json\/wp\/v2\/product_tag?post=48524"}],"curies":[{"name":"wp","href":"https:\/\/api.w.org\/{rel}","templated":true}]}}