{"id":48523,"date":"2025-07-22T10:29:51","date_gmt":"2025-07-22T14:29:51","guid":{"rendered":"https:\/\/edyka.org\/produit\/jecris-des-histoires\/"},"modified":"2025-07-22T10:29:51","modified_gmt":"2025-07-22T14:29:51","slug":"jecris-des-histoires","status":"publish","type":"product","link":"https:\/\/edyka.org\/en\/produit\/jecris-des-histoires\/","title":{"rendered":"J&#8217;\u00e9cris des histoires"},"content":{"rendered":"<p><a href=\"https:\/\/www.mieuxenseigner.ca\/boutique\/index.php?route=product\/product&#038;product_id=109205\" rel=\"nofollow\">https:\/\/www.mieuxenseigner.ca\/boutique\/index.php?route=product\/product&#038;product_id=109205<\/a><\/p>\n","protected":false},"excerpt":{"rendered":"<p>Dossier de 10 histoires (20 pages) \u00e0 compl\u00e9ter.<br \/>\nPremi\u00e8re page : Consignes et banque de mots<br \/>\nDeuxi\u00e8me page : images et d\u00e9but de l&#8217;histoire \u00e0 compl\u00e9ter<\/p>\n","protected":false},"featured_media":37660,"template":"","meta":[],"product_brand":[],"product_cat":[1115,1101,1081,1083,1076,1113],"product_tag":[],"class_list":{"0":"post-48523","1":"product","2":"type-product","3":"status-publish","4":"has-post-thumbnail","6":"product_cat-educational","7":"product_cat-enrichment","8":"product_cat-french","9":"product_cat-giftedness","10":"product_cat-physical","11":"product_cat-youth","13":"first","14":"instock","15":"shipping-taxable","16":"product-type-simple"},"jetpack_sharing_enabled":true,"_links":{"self":[{"href":"https:\/\/edyka.org\/en\/wp-json\/wp\/v2\/product\/48523","targetHints":{"allow":["GET"]}}],"collection":[{"href":"https:\/\/edyka.org\/en\/wp-json\/wp\/v2\/product"}],"about":[{"href":"https:\/\/edyka.org\/en\/wp-json\/wp\/v2\/types\/product"}],"wp:featuredmedia":[{"embeddable":true,"href":"https:\/\/edyka.org\/en\/wp-json\/wp\/v2\/media\/37660"}],"wp:attachment":[{"href":"https:\/\/edyka.org\/en\/wp-json\/wp\/v2\/media?parent=48523"}],"wp:term":[{"taxonomy":"product_brand","embeddable":true,"href":"https:\/\/edyka.org\/en\/wp-json\/wp\/v2\/product_brand?post=48523"},{"taxonomy":"product_cat","embeddable":true,"href":"https:\/\/edyka.org\/en\/wp-json\/wp\/v2\/product_cat?post=48523"},{"taxonomy":"product_tag","embeddable":true,"href":"https:\/\/edyka.org\/en\/wp-json\/wp\/v2\/product_tag?post=48523"}],"curies":[{"name":"wp","href":"https:\/\/api.w.org\/{rel}","templated":true}]}}