{"id":48521,"date":"2025-07-22T10:29:52","date_gmt":"2025-07-22T14:29:52","guid":{"rendered":"https:\/\/edyka.org\/produit\/bayam\/"},"modified":"2025-07-22T10:29:52","modified_gmt":"2025-07-22T14:29:52","slug":"bayam","status":"publish","type":"product","link":"https:\/\/edyka.org\/en\/produit\/bayam\/","title":{"rendered":"BayaM"},"content":{"rendered":"<p><a href=\"https:\/\/app.bayam.tv\/\" rel=\"nofollow\">https:\/\/app.bayam.tv\/<\/a><\/p>\n","protected":false},"excerpt":{"rendered":"<p>BayaM, plateforme de Bayard jeunesse et Milan, offre plein de ressources gratuites pour les 3 \u00e0 10 ans. Ateliers, s\u00e9ries, jeux, Livre audio. Exemple de contenu offert, Le feuilleton d&#8217;Art\u00e9mis de Murielle Szac est disponible en streaming gratuitement. Il vous suffit de vous connecter sur BayaM, puis de cliquer sur l&#8217;espace 7-10 ans et ensuite sur &#8220;j&#8217;essaie&#8221; et sur &#8220;Ecouter&#8221; dans la barre en bas. Les 100 \u00e9pisodes sont disponibles \u00e0 volont\u00e9 !<\/p>\n","protected":false},"featured_media":36980,"template":"","meta":[],"product_brand":[],"product_cat":[1101,1081,1074,1097,1114,1113],"product_tag":[],"class_list":{"0":"post-48521","1":"product","2":"type-product","3":"status-publish","4":"has-post-thumbnail","6":"product_cat-enrichment","7":"product_cat-french","8":"product_cat-interactive","9":"product_cat-learning","10":"product_cat-practical","11":"product_cat-youth","13":"first","14":"instock","15":"shipping-taxable","16":"product-type-simple"},"jetpack_sharing_enabled":true,"_links":{"self":[{"href":"https:\/\/edyka.org\/en\/wp-json\/wp\/v2\/product\/48521","targetHints":{"allow":["GET"]}}],"collection":[{"href":"https:\/\/edyka.org\/en\/wp-json\/wp\/v2\/product"}],"about":[{"href":"https:\/\/edyka.org\/en\/wp-json\/wp\/v2\/types\/product"}],"wp:featuredmedia":[{"embeddable":true,"href":"https:\/\/edyka.org\/en\/wp-json\/wp\/v2\/media\/36980"}],"wp:attachment":[{"href":"https:\/\/edyka.org\/en\/wp-json\/wp\/v2\/media?parent=48521"}],"wp:term":[{"taxonomy":"product_brand","embeddable":true,"href":"https:\/\/edyka.org\/en\/wp-json\/wp\/v2\/product_brand?post=48521"},{"taxonomy":"product_cat","embeddable":true,"href":"https:\/\/edyka.org\/en\/wp-json\/wp\/v2\/product_cat?post=48521"},{"taxonomy":"product_tag","embeddable":true,"href":"https:\/\/edyka.org\/en\/wp-json\/wp\/v2\/product_tag?post=48521"}],"curies":[{"name":"wp","href":"https:\/\/api.w.org\/{rel}","templated":true}]}}