{"id":48517,"date":"2025-07-22T10:29:53","date_gmt":"2025-07-22T14:29:53","guid":{"rendered":"https:\/\/edyka.org\/produit\/lepanouissement-de-lenfant-surdoue\/"},"modified":"2025-07-22T10:29:53","modified_gmt":"2025-07-22T14:29:53","slug":"lepanouissement-de-lenfant-surdoue","status":"publish","type":"product","link":"https:\/\/edyka.org\/en\/produit\/lepanouissement-de-lenfant-surdoue\/","title":{"rendered":"L\u2019epanouissement de l\u2019enfant surdou\u00e9"},"content":{"rendered":"<p><a href=\"https:\/\/www.albin-michel.fr\/lepanouissement-de-lenfant-doue-9782226187543\" rel=\"nofollow\">https:\/\/www.albin-michel.fr\/lepanouissement-de-lenfant-doue-9782226187543<\/a><\/p>\n","protected":false},"excerpt":{"rendered":"<p>L&#8217;enfant pr\u00e9coce a une rapidit\u00e9 de compr\u00e9hension et une extr\u00eame sensibilit\u00e9 (qui le rend vuln\u00e9rable). il d\u00e9veloppe des m\u00e9canismes de d\u00e9fense qui rendent difficile certains comportements D\u00e9couvrir la r\u00e9alit\u00e9 de ses sentiments n\u00e9cessite patience et parfois l\u2019aide de personnes ext\u00e9rieures <\/p>\n","protected":false},"featured_media":23621,"template":"","meta":[],"product_brand":[],"product_cat":[1081,1083,1118,1077],"product_tag":[],"class_list":{"0":"post-48517","1":"product","2":"type-product","3":"status-publish","4":"has-post-thumbnail","6":"product_cat-french","7":"product_cat-giftedness","8":"product_cat-popularization","9":"product_cat-text","11":"first","12":"instock","13":"shipping-taxable","14":"product-type-simple"},"jetpack_sharing_enabled":true,"_links":{"self":[{"href":"https:\/\/edyka.org\/en\/wp-json\/wp\/v2\/product\/48517","targetHints":{"allow":["GET"]}}],"collection":[{"href":"https:\/\/edyka.org\/en\/wp-json\/wp\/v2\/product"}],"about":[{"href":"https:\/\/edyka.org\/en\/wp-json\/wp\/v2\/types\/product"}],"wp:featuredmedia":[{"embeddable":true,"href":"https:\/\/edyka.org\/en\/wp-json\/wp\/v2\/media\/23621"}],"wp:attachment":[{"href":"https:\/\/edyka.org\/en\/wp-json\/wp\/v2\/media?parent=48517"}],"wp:term":[{"taxonomy":"product_brand","embeddable":true,"href":"https:\/\/edyka.org\/en\/wp-json\/wp\/v2\/product_brand?post=48517"},{"taxonomy":"product_cat","embeddable":true,"href":"https:\/\/edyka.org\/en\/wp-json\/wp\/v2\/product_cat?post=48517"},{"taxonomy":"product_tag","embeddable":true,"href":"https:\/\/edyka.org\/en\/wp-json\/wp\/v2\/product_tag?post=48517"}],"curies":[{"name":"wp","href":"https:\/\/api.w.org\/{rel}","templated":true}]}}