{"id":48505,"date":"2025-07-22T10:30:02","date_gmt":"2025-07-22T14:30:02","guid":{"rendered":"https:\/\/edyka.org\/produit\/avoir-le-courage-de-ne-pas-etre-aime\/"},"modified":"2026-04-10T21:11:27","modified_gmt":"2026-04-11T01:11:27","slug":"avoir-le-courage-de-ne-pas-etre-aime","status":"publish","type":"product","link":"https:\/\/edyka.org\/en\/produit\/avoir-le-courage-de-ne-pas-etre-aime\/","title":{"rendered":"Avoir le courage de ne pas \u00eatre aim\u00e9"},"content":{"rendered":"<p><a href=\"https:\/\/books.google.ca\/books\/about\/Avoir_le_courage_de_ne_pas_%C3%AAtre_aim%C3%A9.html?id=b_pSDwAAQBAJ&#038;source=kp_book_description&#038;redir_esc=y\" rel=\"nofollow\">https:\/\/books.google.ca\/books\/about\/Avoir_le_courage_de_ne_pas_%C3%AAtre_aim%C3%A9.html?id=b_pSDwAAQBAJ&#038;source=kp_book_description&#038;redir_esc=y<\/a><\/p>\n","protected":false},"excerpt":{"rendered":"<p>&#8220;Avoir le courage de ne pas \u00eatre aim\u00e9&#8221; est un livre \u00e9crit par le psychanalyste Fran\u00e7ais Ferenczi Szondi. Il explore les th\u00e8mes de l&#8217;amour, de l&#8217;estime de soi et de la peur de l&#8217;abandon. Le livre examine comment les individus peuvent d\u00e9velopper une saine estime de soi en apprenant \u00e0 \u00eatre authentiques et \u00e0 accepter leur propre vuln\u00e9rabilit\u00e9, plut\u00f4t que de chercher constamment l&#8217;approbation et l&#8217;amour des autres. Il encourage les lecteurs \u00e0 prendre des risques \u00e9motionnels et \u00e0 accepter la possibilit\u00e9 de ne pas \u00eatre aim\u00e9s, afin de vivre une vie plus authentique et satisfaisante.<\/p>\n","protected":false},"featured_media":27635,"template":"","meta":[],"product_brand":[],"product_cat":[1081,1118,1108,1077],"product_tag":[],"class_list":{"0":"post-48505","1":"product","2":"type-product","3":"status-publish","4":"has-post-thumbnail","6":"product_cat-french","7":"product_cat-popularization","8":"product_cat-social-skills","9":"product_cat-text","11":"first","12":"instock","13":"shipping-taxable","14":"product-type-simple"},"jetpack_sharing_enabled":true,"_links":{"self":[{"href":"https:\/\/edyka.org\/en\/wp-json\/wp\/v2\/product\/48505","targetHints":{"allow":["GET"]}}],"collection":[{"href":"https:\/\/edyka.org\/en\/wp-json\/wp\/v2\/product"}],"about":[{"href":"https:\/\/edyka.org\/en\/wp-json\/wp\/v2\/types\/product"}],"wp:featuredmedia":[{"embeddable":true,"href":"https:\/\/edyka.org\/en\/wp-json\/wp\/v2\/media\/27635"}],"wp:attachment":[{"href":"https:\/\/edyka.org\/en\/wp-json\/wp\/v2\/media?parent=48505"}],"wp:term":[{"taxonomy":"product_brand","embeddable":true,"href":"https:\/\/edyka.org\/en\/wp-json\/wp\/v2\/product_brand?post=48505"},{"taxonomy":"product_cat","embeddable":true,"href":"https:\/\/edyka.org\/en\/wp-json\/wp\/v2\/product_cat?post=48505"},{"taxonomy":"product_tag","embeddable":true,"href":"https:\/\/edyka.org\/en\/wp-json\/wp\/v2\/product_tag?post=48505"}],"curies":[{"name":"wp","href":"https:\/\/api.w.org\/{rel}","templated":true}]}}