{"id":48503,"date":"2025-07-22T10:30:03","date_gmt":"2025-07-22T14:30:03","guid":{"rendered":"https:\/\/edyka.org\/produit\/edoki\/"},"modified":"2025-07-22T10:30:03","modified_gmt":"2025-07-22T14:30:03","slug":"edoki","status":"publish","type":"product","link":"https:\/\/edyka.org\/en\/produit\/edoki\/","title":{"rendered":"Edoki"},"content":{"rendered":"<p><a href=\"https:\/\/montessori.edokiacademy.com\/fr\/our-games\/bundle\/\" rel=\"nofollow\">https:\/\/montessori.edokiacademy.com\/fr\/our-games\/bundle\/<\/a><\/p>\n","protected":false},"excerpt":{"rendered":"<p>Les collections d&#8217;apps d&#8217;Edoki Academy r\u00e9unissent plusieurs programmes de fa\u00e7on coh\u00e9rente. Garantie d&#8217;occuper vos enfants pendant un long et bon moment !<\/p>\n","protected":false},"featured_media":36980,"template":"","meta":[],"product_brand":[],"product_cat":[1080,1081,1074,1114,1102],"product_tag":[],"class_list":{"0":"post-48503","1":"product","2":"type-product","3":"status-publish","4":"has-post-thumbnail","6":"product_cat-english","7":"product_cat-french","8":"product_cat-interactive","9":"product_cat-practical","10":"product_cat-tools","12":"first","13":"instock","14":"shipping-taxable","15":"product-type-simple"},"jetpack_sharing_enabled":true,"_links":{"self":[{"href":"https:\/\/edyka.org\/en\/wp-json\/wp\/v2\/product\/48503","targetHints":{"allow":["GET"]}}],"collection":[{"href":"https:\/\/edyka.org\/en\/wp-json\/wp\/v2\/product"}],"about":[{"href":"https:\/\/edyka.org\/en\/wp-json\/wp\/v2\/types\/product"}],"wp:featuredmedia":[{"embeddable":true,"href":"https:\/\/edyka.org\/en\/wp-json\/wp\/v2\/media\/36980"}],"wp:attachment":[{"href":"https:\/\/edyka.org\/en\/wp-json\/wp\/v2\/media?parent=48503"}],"wp:term":[{"taxonomy":"product_brand","embeddable":true,"href":"https:\/\/edyka.org\/en\/wp-json\/wp\/v2\/product_brand?post=48503"},{"taxonomy":"product_cat","embeddable":true,"href":"https:\/\/edyka.org\/en\/wp-json\/wp\/v2\/product_cat?post=48503"},{"taxonomy":"product_tag","embeddable":true,"href":"https:\/\/edyka.org\/en\/wp-json\/wp\/v2\/product_tag?post=48503"}],"curies":[{"name":"wp","href":"https:\/\/api.w.org\/{rel}","templated":true}]}}