{"id":48500,"date":"2025-07-22T10:30:05","date_gmt":"2025-07-22T14:30:05","guid":{"rendered":"https:\/\/edyka.org\/produit\/bac-de-francais-figures-de-style\/"},"modified":"2025-07-22T10:30:05","modified_gmt":"2025-07-22T14:30:05","slug":"bac-de-francais-figures-de-style","status":"publish","type":"product","link":"https:\/\/edyka.org\/en\/produit\/bac-de-francais-figures-de-style\/","title":{"rendered":"Bac de fran\u00e7ais, figures de style"},"content":{"rendered":"<p><a href=\"https:\/\/netquiz.ccdmd.qc.ca\/app\/client.php?projet=13&#038;questionnaire=4&#038;evaluation=2\" rel=\"nofollow\">https:\/\/netquiz.ccdmd.qc.ca\/app\/client.php?projet=13&#038;questionnaire=4&#038;evaluation=2<\/a><\/p>\n","protected":false},"excerpt":{"rendered":"<p>Apprenez \u00e0 reconnaitre et \u00e0 diff\u00e9rencier 16 figures de style gr\u00e2ce aux 80 exemples pr\u00e9sent\u00e9s dans ce jeu!<\/p>\n","protected":false},"featured_media":37654,"template":"","meta":[],"product_brand":[],"product_cat":[1115,1081,1074,1097],"product_tag":[],"class_list":{"0":"post-48500","1":"product","2":"type-product","3":"status-publish","4":"has-post-thumbnail","6":"product_cat-educational","7":"product_cat-french","8":"product_cat-interactive","9":"product_cat-learning","11":"first","12":"instock","13":"shipping-taxable","14":"product-type-simple"},"jetpack_sharing_enabled":true,"_links":{"self":[{"href":"https:\/\/edyka.org\/en\/wp-json\/wp\/v2\/product\/48500","targetHints":{"allow":["GET"]}}],"collection":[{"href":"https:\/\/edyka.org\/en\/wp-json\/wp\/v2\/product"}],"about":[{"href":"https:\/\/edyka.org\/en\/wp-json\/wp\/v2\/types\/product"}],"wp:featuredmedia":[{"embeddable":true,"href":"https:\/\/edyka.org\/en\/wp-json\/wp\/v2\/media\/37654"}],"wp:attachment":[{"href":"https:\/\/edyka.org\/en\/wp-json\/wp\/v2\/media?parent=48500"}],"wp:term":[{"taxonomy":"product_brand","embeddable":true,"href":"https:\/\/edyka.org\/en\/wp-json\/wp\/v2\/product_brand?post=48500"},{"taxonomy":"product_cat","embeddable":true,"href":"https:\/\/edyka.org\/en\/wp-json\/wp\/v2\/product_cat?post=48500"},{"taxonomy":"product_tag","embeddable":true,"href":"https:\/\/edyka.org\/en\/wp-json\/wp\/v2\/product_tag?post=48500"}],"curies":[{"name":"wp","href":"https:\/\/api.w.org\/{rel}","templated":true}]}}