{"id":48493,"date":"2025-07-22T10:30:19","date_gmt":"2025-07-22T14:30:19","guid":{"rendered":"https:\/\/edyka.org\/produit\/des-fleurs-pour-algernon-flowers-for-algernon\/"},"modified":"2026-04-10T21:02:49","modified_gmt":"2026-04-11T01:02:49","slug":"des-fleurs-pour-algernon-flowers-for-algernon","status":"publish","type":"product","link":"https:\/\/edyka.org\/en\/produit\/des-fleurs-pour-algernon-flowers-for-algernon\/","title":{"rendered":"Des fleurs pour Algernon \/ Flowers for Algernon"},"content":{"rendered":"<p><a href=\"https:\/\/fr.wikipedia.org\/wiki\/Des_fleurs_pour_Algernon\" rel=\"nofollow\">https:\/\/fr.wikipedia.org\/wiki\/Des_fleurs_pour_Algernon<\/a><\/p>\n","protected":false},"excerpt":{"rendered":"<p>Algernon, une souris de laboratoire trait\u00e9e pour d\u00e9cupler l&#8217;intelligence. Les savants tentent d&#8217;appliquer leur d\u00e9couverte \u00e0 Charlie Gordon, un simple d&#8217;esprit.<\/p>\n","protected":false},"featured_media":27668,"template":"","meta":[],"product_brand":[],"product_cat":[1101,1081,1083,1077,1113],"product_tag":[],"class_list":{"0":"post-48493","1":"product","2":"type-product","3":"status-publish","4":"has-post-thumbnail","6":"product_cat-enrichment","7":"product_cat-french","8":"product_cat-giftedness","9":"product_cat-text","10":"product_cat-youth","12":"first","13":"instock","14":"shipping-taxable","15":"product-type-simple"},"jetpack_sharing_enabled":true,"_links":{"self":[{"href":"https:\/\/edyka.org\/en\/wp-json\/wp\/v2\/product\/48493","targetHints":{"allow":["GET"]}}],"collection":[{"href":"https:\/\/edyka.org\/en\/wp-json\/wp\/v2\/product"}],"about":[{"href":"https:\/\/edyka.org\/en\/wp-json\/wp\/v2\/types\/product"}],"wp:featuredmedia":[{"embeddable":true,"href":"https:\/\/edyka.org\/en\/wp-json\/wp\/v2\/media\/27668"}],"wp:attachment":[{"href":"https:\/\/edyka.org\/en\/wp-json\/wp\/v2\/media?parent=48493"}],"wp:term":[{"taxonomy":"product_brand","embeddable":true,"href":"https:\/\/edyka.org\/en\/wp-json\/wp\/v2\/product_brand?post=48493"},{"taxonomy":"product_cat","embeddable":true,"href":"https:\/\/edyka.org\/en\/wp-json\/wp\/v2\/product_cat?post=48493"},{"taxonomy":"product_tag","embeddable":true,"href":"https:\/\/edyka.org\/en\/wp-json\/wp\/v2\/product_tag?post=48493"}],"curies":[{"name":"wp","href":"https:\/\/api.w.org\/{rel}","templated":true}]}}