{"id":48491,"date":"2025-07-22T10:30:20","date_gmt":"2025-07-22T14:30:20","guid":{"rendered":"https:\/\/edyka.org\/produit\/logiciel-cognifit-junior\/"},"modified":"2025-07-22T10:30:20","modified_gmt":"2025-07-22T14:30:20","slug":"logiciel-cognifit-junior","status":"publish","type":"product","link":"https:\/\/edyka.org\/en\/produit\/logiciel-cognifit-junior\/","title":{"rendered":"Logiciel &#8220;CogniFit Junior&#8221;"},"content":{"rendered":"<p><a href=\"https:\/\/www.cognifit.com\/sn\/stimulation-cognitive-enfants?srsltid=AfmBOoqqDTA3W1fvdcAsWHJaLg3RGUB1qp00hi3lzKbjTI-jXhdiRtXt\" rel=\"nofollow\">https:\/\/www.cognifit.com\/sn\/stimulation-cognitive-enfants?srsltid=AfmBOoqqDTA3W1fvdcAsWHJaLg3RGUB1qp00hi3lzKbjTI-jXhdiRtXt<\/a><\/p>\n","protected":false},"excerpt":{"rendered":"<p>CogniFit Junior est un logiciel d&#8217;entra\u00eenement c\u00e9r\u00e9bral qui peut \u00eatre utilis\u00e9 pour soutenir l&#8217;apprentissage des enfants ayant des probl\u00e8mes de coordination. Il propose des exercices ludiques visant \u00e0 am\u00e9liorer la coordination, l&#8217;attention et les capacit\u00e9s cognitives.\u00a0<\/p>\n","protected":false},"featured_media":37662,"template":"","meta":[],"product_brand":[],"product_cat":[1115,1081,1074,1100,1114],"product_tag":[],"class_list":{"0":"post-48491","1":"product","2":"type-product","3":"status-publish","4":"has-post-thumbnail","6":"product_cat-educational","7":"product_cat-french","8":"product_cat-interactive","9":"product_cat-motor-coordination","10":"product_cat-practical","12":"first","13":"instock","14":"shipping-taxable","15":"product-type-simple"},"jetpack_sharing_enabled":true,"_links":{"self":[{"href":"https:\/\/edyka.org\/en\/wp-json\/wp\/v2\/product\/48491","targetHints":{"allow":["GET"]}}],"collection":[{"href":"https:\/\/edyka.org\/en\/wp-json\/wp\/v2\/product"}],"about":[{"href":"https:\/\/edyka.org\/en\/wp-json\/wp\/v2\/types\/product"}],"wp:featuredmedia":[{"embeddable":true,"href":"https:\/\/edyka.org\/en\/wp-json\/wp\/v2\/media\/37662"}],"wp:attachment":[{"href":"https:\/\/edyka.org\/en\/wp-json\/wp\/v2\/media?parent=48491"}],"wp:term":[{"taxonomy":"product_brand","embeddable":true,"href":"https:\/\/edyka.org\/en\/wp-json\/wp\/v2\/product_brand?post=48491"},{"taxonomy":"product_cat","embeddable":true,"href":"https:\/\/edyka.org\/en\/wp-json\/wp\/v2\/product_cat?post=48491"},{"taxonomy":"product_tag","embeddable":true,"href":"https:\/\/edyka.org\/en\/wp-json\/wp\/v2\/product_tag?post=48491"}],"curies":[{"name":"wp","href":"https:\/\/api.w.org\/{rel}","templated":true}]}}