{"id":48489,"date":"2025-07-22T10:30:21","date_gmt":"2025-07-22T14:30:21","guid":{"rendered":"https:\/\/edyka.org\/produit\/litteratout\/"},"modified":"2025-07-22T10:30:21","modified_gmt":"2025-07-22T14:30:21","slug":"litteratout","status":"publish","type":"product","link":"https:\/\/edyka.org\/en\/produit\/litteratout\/","title":{"rendered":"Litt\u00e9ratout"},"content":{"rendered":"<p><a href=\"https:\/\/www.litteratout.ca\/\" rel=\"nofollow\">https:\/\/www.litteratout.ca\/<\/a><\/p>\n","protected":false},"excerpt":{"rendered":"<p>Litt\u00e9ratout est un organisme qu\u00e9b\u00e9cois qui offre des Livre audios gratuits adapt\u00e9s aux enfants dyslexiques. Leur collection comprend une vari\u00e9t\u00e9 de Livre pour diff\u00e9rents niveaux de lecture.\u00a0<\/p>\n","protected":false},"featured_media":34930,"template":"","meta":[],"product_brand":[],"product_cat":[1115,1081,1097,1077],"product_tag":[],"class_list":{"0":"post-48489","1":"product","2":"type-product","3":"status-publish","4":"has-post-thumbnail","6":"product_cat-educational","7":"product_cat-french","8":"product_cat-learning","9":"product_cat-text","11":"first","12":"instock","13":"shipping-taxable","14":"product-type-simple"},"jetpack_sharing_enabled":true,"_links":{"self":[{"href":"https:\/\/edyka.org\/en\/wp-json\/wp\/v2\/product\/48489","targetHints":{"allow":["GET"]}}],"collection":[{"href":"https:\/\/edyka.org\/en\/wp-json\/wp\/v2\/product"}],"about":[{"href":"https:\/\/edyka.org\/en\/wp-json\/wp\/v2\/types\/product"}],"wp:featuredmedia":[{"embeddable":true,"href":"https:\/\/edyka.org\/en\/wp-json\/wp\/v2\/media\/34930"}],"wp:attachment":[{"href":"https:\/\/edyka.org\/en\/wp-json\/wp\/v2\/media?parent=48489"}],"wp:term":[{"taxonomy":"product_brand","embeddable":true,"href":"https:\/\/edyka.org\/en\/wp-json\/wp\/v2\/product_brand?post=48489"},{"taxonomy":"product_cat","embeddable":true,"href":"https:\/\/edyka.org\/en\/wp-json\/wp\/v2\/product_cat?post=48489"},{"taxonomy":"product_tag","embeddable":true,"href":"https:\/\/edyka.org\/en\/wp-json\/wp\/v2\/product_tag?post=48489"}],"curies":[{"name":"wp","href":"https:\/\/api.w.org\/{rel}","templated":true}]}}