{"id":48487,"date":"2025-07-22T10:30:21","date_gmt":"2025-07-22T14:30:21","guid":{"rendered":"https:\/\/edyka.org\/produit\/book-creator\/"},"modified":"2025-07-22T10:30:21","modified_gmt":"2025-07-22T14:30:21","slug":"book-creator","status":"publish","type":"product","link":"https:\/\/edyka.org\/en\/produit\/book-creator\/","title":{"rendered":"Book creator"},"content":{"rendered":"<p><a href=\"https:\/\/bookcreator.com\/\" rel=\"nofollow\">https:\/\/bookcreator.com\/<\/a><\/p>\n","protected":false},"excerpt":{"rendered":"<p>Pour cr\u00e9er facilement des Livre avec images, son et texte.La version compl\u00e8te pouriPad permet de faire des bandes dessin\u00e9es.Application de cr\u00e9ation<\/p>\n","protected":false},"featured_media":37654,"template":"","meta":[],"product_brand":[],"product_cat":[1081,1074,1114,1102],"product_tag":[1120],"class_list":{"0":"post-48487","1":"product","2":"type-product","3":"status-publish","4":"has-post-thumbnail","6":"product_cat-french","7":"product_cat-interactive","8":"product_cat-practical","9":"product_cat-tools","10":"product_tag-teachers","12":"first","13":"instock","14":"shipping-taxable","15":"product-type-simple"},"jetpack_sharing_enabled":true,"_links":{"self":[{"href":"https:\/\/edyka.org\/en\/wp-json\/wp\/v2\/product\/48487","targetHints":{"allow":["GET"]}}],"collection":[{"href":"https:\/\/edyka.org\/en\/wp-json\/wp\/v2\/product"}],"about":[{"href":"https:\/\/edyka.org\/en\/wp-json\/wp\/v2\/types\/product"}],"wp:featuredmedia":[{"embeddable":true,"href":"https:\/\/edyka.org\/en\/wp-json\/wp\/v2\/media\/37654"}],"wp:attachment":[{"href":"https:\/\/edyka.org\/en\/wp-json\/wp\/v2\/media?parent=48487"}],"wp:term":[{"taxonomy":"product_brand","embeddable":true,"href":"https:\/\/edyka.org\/en\/wp-json\/wp\/v2\/product_brand?post=48487"},{"taxonomy":"product_cat","embeddable":true,"href":"https:\/\/edyka.org\/en\/wp-json\/wp\/v2\/product_cat?post=48487"},{"taxonomy":"product_tag","embeddable":true,"href":"https:\/\/edyka.org\/en\/wp-json\/wp\/v2\/product_tag?post=48487"}],"curies":[{"name":"wp","href":"https:\/\/api.w.org\/{rel}","templated":true}]}}