{"id":48485,"date":"2025-07-22T10:30:22","date_gmt":"2025-07-22T14:30:22","guid":{"rendered":"https:\/\/edyka.org\/produit\/tobbie-lolness\/"},"modified":"2026-04-10T21:01:28","modified_gmt":"2026-04-11T01:01:28","slug":"tobbie-lolness","status":"publish","type":"product","link":"https:\/\/edyka.org\/en\/produit\/tobbie-lolness\/","title":{"rendered":"Tobbie Lolness"},"content":{"rendered":"<p><a href=\"https:\/\/fr.wikipedia.org\/wiki\/Tobie_Lolness\" rel=\"nofollow\">https:\/\/fr.wikipedia.org\/wiki\/Tobie_Lolness<\/a><\/p>\n","protected":false},"excerpt":{"rendered":"<p>Tobie et sa famille appartiennent au peuple de l&#8217;arbre qui r\u00e9side dans un v\u00e9n\u00e9rable ch\u00eane, ruche de vie. Le jeune h\u00e9ros mesure quelques millim\u00e8tres, ce qui lui rend la vie bien difficile. Le p\u00e8re de Tobie, grand savant, refuse de r\u00e9v\u00e9ler sa derni\u00e8re d\u00e9couverte scientifique qui pourrait bouleverser non seulement leur vie \u00e0 tous mais aussi les projets de certains membres du Grand Conseil&#8230; Ce refus va entra\u00eener la famille de Tobie dans la d\u00e9ch\u00e9ance. Emprisonn\u00e9, le jeune h\u00e9ros va se retrouver propuls\u00e9 seul dans de terribles aventures&#8230;<\/p>\n","protected":false},"featured_media":27651,"template":"","meta":[],"product_brand":[],"product_cat":[1101,1081,1083,1077,1113],"product_tag":[],"class_list":{"0":"post-48485","1":"product","2":"type-product","3":"status-publish","4":"has-post-thumbnail","6":"product_cat-enrichment","7":"product_cat-french","8":"product_cat-giftedness","9":"product_cat-text","10":"product_cat-youth","12":"first","13":"instock","14":"shipping-taxable","15":"product-type-simple"},"jetpack_sharing_enabled":true,"_links":{"self":[{"href":"https:\/\/edyka.org\/en\/wp-json\/wp\/v2\/product\/48485","targetHints":{"allow":["GET"]}}],"collection":[{"href":"https:\/\/edyka.org\/en\/wp-json\/wp\/v2\/product"}],"about":[{"href":"https:\/\/edyka.org\/en\/wp-json\/wp\/v2\/types\/product"}],"wp:featuredmedia":[{"embeddable":true,"href":"https:\/\/edyka.org\/en\/wp-json\/wp\/v2\/media\/27651"}],"wp:attachment":[{"href":"https:\/\/edyka.org\/en\/wp-json\/wp\/v2\/media?parent=48485"}],"wp:term":[{"taxonomy":"product_brand","embeddable":true,"href":"https:\/\/edyka.org\/en\/wp-json\/wp\/v2\/product_brand?post=48485"},{"taxonomy":"product_cat","embeddable":true,"href":"https:\/\/edyka.org\/en\/wp-json\/wp\/v2\/product_cat?post=48485"},{"taxonomy":"product_tag","embeddable":true,"href":"https:\/\/edyka.org\/en\/wp-json\/wp\/v2\/product_tag?post=48485"}],"curies":[{"name":"wp","href":"https:\/\/api.w.org\/{rel}","templated":true}]}}