{"id":48483,"date":"2025-07-22T10:30:22","date_gmt":"2025-07-22T14:30:22","guid":{"rendered":"https:\/\/edyka.org\/produit\/comment-accompagner-les-enfants-intellectuellements-precoce\/"},"modified":"2025-07-22T10:30:22","modified_gmt":"2025-07-22T14:30:22","slug":"comment-accompagner-les-enfants-intellectuellements-precoce","status":"publish","type":"product","link":"https:\/\/edyka.org\/en\/produit\/comment-accompagner-les-enfants-intellectuellements-precoce\/","title":{"rendered":"Comment accompagner les enfants intellectuellements pr\u00e9coce"},"content":{"rendered":"<p><a href=\"https:\/\/www.decitre.fr\/Livre\/comment-accompagner-les-enfants-intellectuellement-precoces-9782206010656.html\" rel=\"nofollow\">https:\/\/www.decitre.fr\/Livre\/comment-accompagner-les-enfants-intellectuellement-precoces-9782206010656.html<\/a><\/p>\n","protected":false},"excerpt":{"rendered":"<p>Ce livre veut \u00e9pauler tous ceux qui souhaitent comprendre et accompagner ces enfants dans leur parcours personnel et scolaire, quelquefois difficile. Sans chercher \u00e0 avancer de solution-panac\u00e9e &#8211; elle n&#8217;existe pas ! -, cet ouvrage offre des possibles \u00e9ducatifs et des conseils pratiques, corrobor\u00e9s par l&#8217;avis des divers sp\u00e9cialistes.<\/p>\n","protected":false},"featured_media":22502,"template":"","meta":[],"product_brand":[],"product_cat":[1115,1081,1083,1118,1077],"product_tag":[],"class_list":{"0":"post-48483","1":"product","2":"type-product","3":"status-publish","4":"has-post-thumbnail","6":"product_cat-educational","7":"product_cat-french","8":"product_cat-giftedness","9":"product_cat-popularization","10":"product_cat-text","12":"first","13":"instock","14":"shipping-taxable","15":"product-type-simple"},"jetpack_sharing_enabled":true,"_links":{"self":[{"href":"https:\/\/edyka.org\/en\/wp-json\/wp\/v2\/product\/48483","targetHints":{"allow":["GET"]}}],"collection":[{"href":"https:\/\/edyka.org\/en\/wp-json\/wp\/v2\/product"}],"about":[{"href":"https:\/\/edyka.org\/en\/wp-json\/wp\/v2\/types\/product"}],"version-history":[{"count":0,"href":"https:\/\/edyka.org\/en\/wp-json\/wp\/v2\/product\/48483\/revisions"}],"wp:featuredmedia":[{"embeddable":true,"href":"https:\/\/edyka.org\/en\/wp-json\/wp\/v2\/media\/22502"}],"wp:attachment":[{"href":"https:\/\/edyka.org\/en\/wp-json\/wp\/v2\/media?parent=48483"}],"wp:term":[{"taxonomy":"product_brand","embeddable":true,"href":"https:\/\/edyka.org\/en\/wp-json\/wp\/v2\/product_brand?post=48483"},{"taxonomy":"product_cat","embeddable":true,"href":"https:\/\/edyka.org\/en\/wp-json\/wp\/v2\/product_cat?post=48483"},{"taxonomy":"product_tag","embeddable":true,"href":"https:\/\/edyka.org\/en\/wp-json\/wp\/v2\/product_tag?post=48483"}],"curies":[{"name":"wp","href":"https:\/\/api.w.org\/{rel}","templated":true}]}}