{"id":48482,"date":"2025-07-22T10:30:22","date_gmt":"2025-07-22T14:30:22","guid":{"rendered":"https:\/\/edyka.org\/produit\/cahier-decriture-dumont-de-jocatop\/"},"modified":"2025-07-22T10:30:22","modified_gmt":"2025-07-22T14:30:22","slug":"cahier-decriture-dumont-de-jocatop","status":"publish","type":"product","link":"https:\/\/edyka.org\/en\/produit\/cahier-decriture-dumont-de-jocatop\/","title":{"rendered":"Cahier d&#8217;\u00e9criture Dumont de Jocatop"},"content":{"rendered":"<p><a href=\"https:\/\/jocatop.fr\/cp\/50-cahier-decriture-cp.html\" rel=\"nofollow\">https:\/\/jocatop.fr\/cp\/50-cahier-decriture-cp.html<\/a><\/p>\n","protected":false},"excerpt":{"rendered":"<p>Ce cahier d&#8217;\u00e9criture propose des exercices et des mod\u00e8les pour aider les enfants \u00e0 acqu\u00e9rir une \u00e9criture r\u00e9guli\u00e8re et fluide. Il comprend des guides d&#8217;\u00e9criture adapt\u00e9s aux diff\u00e9rentes \u00e9tapes de l&#8217;apprentissage.\u00a0<\/p>\n","protected":false},"featured_media":37662,"template":"","meta":[],"product_brand":[],"product_cat":[1081,1100,1076,1114],"product_tag":[],"class_list":{"0":"post-48482","1":"product","2":"type-product","3":"status-publish","4":"has-post-thumbnail","6":"product_cat-french","7":"product_cat-motor-coordination","8":"product_cat-physical","9":"product_cat-practical","11":"first","12":"instock","13":"shipping-taxable","14":"product-type-simple"},"jetpack_sharing_enabled":true,"_links":{"self":[{"href":"https:\/\/edyka.org\/en\/wp-json\/wp\/v2\/product\/48482","targetHints":{"allow":["GET"]}}],"collection":[{"href":"https:\/\/edyka.org\/en\/wp-json\/wp\/v2\/product"}],"about":[{"href":"https:\/\/edyka.org\/en\/wp-json\/wp\/v2\/types\/product"}],"wp:featuredmedia":[{"embeddable":true,"href":"https:\/\/edyka.org\/en\/wp-json\/wp\/v2\/media\/37662"}],"wp:attachment":[{"href":"https:\/\/edyka.org\/en\/wp-json\/wp\/v2\/media?parent=48482"}],"wp:term":[{"taxonomy":"product_brand","embeddable":true,"href":"https:\/\/edyka.org\/en\/wp-json\/wp\/v2\/product_brand?post=48482"},{"taxonomy":"product_cat","embeddable":true,"href":"https:\/\/edyka.org\/en\/wp-json\/wp\/v2\/product_cat?post=48482"},{"taxonomy":"product_tag","embeddable":true,"href":"https:\/\/edyka.org\/en\/wp-json\/wp\/v2\/product_tag?post=48482"}],"curies":[{"name":"wp","href":"https:\/\/api.w.org\/{rel}","templated":true}]}}