{"id":48480,"date":"2025-07-22T10:30:23","date_gmt":"2025-07-22T14:30:23","guid":{"rendered":"https:\/\/edyka.org\/produit\/ted-ed-the-big-questions\/"},"modified":"2025-07-22T10:30:23","modified_gmt":"2025-07-22T14:30:23","slug":"ted-ed-the-big-questions","status":"publish","type":"product","link":"https:\/\/edyka.org\/en\/produit\/ted-ed-the-big-questions\/","title":{"rendered":"TED-Ed The Big questions"},"content":{"rendered":"<p><a href=\"https:\/\/ed.ted.com\/ted_ed_collections\/the-big-questions\" rel=\"nofollow\">https:\/\/ed.ted.com\/ted_ed_collections\/the-big-questions<\/a><\/p>\n","protected":false},"excerpt":{"rendered":"<p>Are you a body with a mind or a mind with a body?<br \/>\nL&#8217;all\u00e9gorie de la caverne de Platon<br \/>\nLa philosophie du stoicisme<br \/>\nWhy do we love? A philosophical inquiry<br \/>\nLe c\u00e9l\u00e8bre et \u00e9pineux casse t\u00eate aux yeux verts<br \/>\nComment savez vous que vous existez?<br \/>\nThe power of the placebo effect<br \/>\nQui suis je ? Une qu\u00eate philosophique<\/p>\n","protected":false},"featured_media":37660,"template":"","meta":[],"product_brand":[],"product_cat":[1080,1101,1081,1083,1078,1113],"product_tag":[1119,1120],"class_list":{"0":"post-48480","1":"product","2":"type-product","3":"status-publish","4":"has-post-thumbnail","6":"product_cat-english","7":"product_cat-enrichment","8":"product_cat-french","9":"product_cat-giftedness","10":"product_cat-video-en","11":"product_cat-youth","12":"product_tag-editors-pick","13":"product_tag-teachers","15":"first","16":"instock","17":"shipping-taxable","18":"product-type-simple"},"jetpack_sharing_enabled":true,"_links":{"self":[{"href":"https:\/\/edyka.org\/en\/wp-json\/wp\/v2\/product\/48480","targetHints":{"allow":["GET"]}}],"collection":[{"href":"https:\/\/edyka.org\/en\/wp-json\/wp\/v2\/product"}],"about":[{"href":"https:\/\/edyka.org\/en\/wp-json\/wp\/v2\/types\/product"}],"wp:featuredmedia":[{"embeddable":true,"href":"https:\/\/edyka.org\/en\/wp-json\/wp\/v2\/media\/37660"}],"wp:attachment":[{"href":"https:\/\/edyka.org\/en\/wp-json\/wp\/v2\/media?parent=48480"}],"wp:term":[{"taxonomy":"product_brand","embeddable":true,"href":"https:\/\/edyka.org\/en\/wp-json\/wp\/v2\/product_brand?post=48480"},{"taxonomy":"product_cat","embeddable":true,"href":"https:\/\/edyka.org\/en\/wp-json\/wp\/v2\/product_cat?post=48480"},{"taxonomy":"product_tag","embeddable":true,"href":"https:\/\/edyka.org\/en\/wp-json\/wp\/v2\/product_tag?post=48480"}],"curies":[{"name":"wp","href":"https:\/\/api.w.org\/{rel}","templated":true}]}}