{"id":48472,"date":"2025-07-22T10:30:39","date_gmt":"2025-07-22T14:30:39","guid":{"rendered":"https:\/\/edyka.org\/produit\/tablette-graphique-xp-pen-star-g640\/"},"modified":"2025-07-22T10:30:39","modified_gmt":"2025-07-22T14:30:39","slug":"tablette-graphique-xp-pen-star-g640","status":"publish","type":"product","link":"https:\/\/edyka.org\/en\/produit\/tablette-graphique-xp-pen-star-g640\/","title":{"rendered":"Tablette graphique XP-Pen Star G640"},"content":{"rendered":"<p><a href=\"https:\/\/www.xp-pen.com\/product\/star-g640.html\" rel=\"nofollow\">https:\/\/www.xp-pen.com\/product\/star-g640.html<\/a><\/p>\n","protected":false},"excerpt":{"rendered":"<p>La tablette graphique XP-Pen Star G640 est une autre option populaire pour les enfants. Elle dispose d&#8217;une surface de dessin r\u00e9active et d&#8217;un stylet confortable \u00e0 tenir, offrant une exp\u00e9rience d&#8217;\u00e9criture fluide et naturelle. <\/p>\n","protected":false},"featured_media":37662,"template":"","meta":[],"product_brand":[],"product_cat":[1080,1074,1100,1114],"product_tag":[],"class_list":{"0":"post-48472","1":"product","2":"type-product","3":"status-publish","4":"has-post-thumbnail","6":"product_cat-english","7":"product_cat-interactive","8":"product_cat-motor-coordination","9":"product_cat-practical","11":"first","12":"instock","13":"shipping-taxable","14":"product-type-simple"},"jetpack_sharing_enabled":true,"_links":{"self":[{"href":"https:\/\/edyka.org\/en\/wp-json\/wp\/v2\/product\/48472","targetHints":{"allow":["GET"]}}],"collection":[{"href":"https:\/\/edyka.org\/en\/wp-json\/wp\/v2\/product"}],"about":[{"href":"https:\/\/edyka.org\/en\/wp-json\/wp\/v2\/types\/product"}],"wp:featuredmedia":[{"embeddable":true,"href":"https:\/\/edyka.org\/en\/wp-json\/wp\/v2\/media\/37662"}],"wp:attachment":[{"href":"https:\/\/edyka.org\/en\/wp-json\/wp\/v2\/media?parent=48472"}],"wp:term":[{"taxonomy":"product_brand","embeddable":true,"href":"https:\/\/edyka.org\/en\/wp-json\/wp\/v2\/product_brand?post=48472"},{"taxonomy":"product_cat","embeddable":true,"href":"https:\/\/edyka.org\/en\/wp-json\/wp\/v2\/product_cat?post=48472"},{"taxonomy":"product_tag","embeddable":true,"href":"https:\/\/edyka.org\/en\/wp-json\/wp\/v2\/product_tag?post=48472"}],"curies":[{"name":"wp","href":"https:\/\/api.w.org\/{rel}","templated":true}]}}