{"id":48469,"date":"2025-07-22T10:30:40","date_gmt":"2025-07-22T14:30:40","guid":{"rendered":"https:\/\/edyka.org\/produit\/beat-bugs\/"},"modified":"2025-07-22T10:30:40","modified_gmt":"2025-07-22T14:30:40","slug":"beat-bugs","status":"publish","type":"product","link":"https:\/\/edyka.org\/en\/produit\/beat-bugs\/","title":{"rendered":"Beat Bugs"},"content":{"rendered":"<p><a href=\"https:\/\/www.netflix.com\/browse\" rel=\"nofollow\">https:\/\/www.netflix.com\/browse<\/a><\/p>\n","protected":false},"excerpt":{"rendered":"<p>Beat Bugs: les aventures de cinq petits insectes qui vivent dans un jardin d\u2019une banlieue am\u00e9ricaine. Aux dialogues avec un accent am\u00e9ricain se m\u00e9langent des interm\u00e8des musicaux bas\u00e9s sur des chansons c\u00e9l\u00e8bres des Beatles, interpr\u00e9t\u00e9es par des artistes contemporains. Parfois, les chansons choisies se r\u00e9f\u00e8rent \u00e0 des le\u00e7ons de vie apprises par nos petits h\u00e9ros. La particularit\u00e9 de ce dessin anim\u00e9 est qu\u2019il combine des sources fiables d\u2019apprentissage telles les dialogues et les chansons. <\/p>\n","protected":false},"featured_media":37654,"template":"","meta":[],"product_brand":[],"product_cat":[1080,1097,1078,1113],"product_tag":[],"class_list":{"0":"post-48469","1":"product","2":"type-product","3":"status-publish","4":"has-post-thumbnail","6":"product_cat-english","7":"product_cat-learning","8":"product_cat-video-en","9":"product_cat-youth","11":"first","12":"instock","13":"shipping-taxable","14":"product-type-simple"},"jetpack_sharing_enabled":true,"_links":{"self":[{"href":"https:\/\/edyka.org\/en\/wp-json\/wp\/v2\/product\/48469","targetHints":{"allow":["GET"]}}],"collection":[{"href":"https:\/\/edyka.org\/en\/wp-json\/wp\/v2\/product"}],"about":[{"href":"https:\/\/edyka.org\/en\/wp-json\/wp\/v2\/types\/product"}],"wp:featuredmedia":[{"embeddable":true,"href":"https:\/\/edyka.org\/en\/wp-json\/wp\/v2\/media\/37654"}],"wp:attachment":[{"href":"https:\/\/edyka.org\/en\/wp-json\/wp\/v2\/media?parent=48469"}],"wp:term":[{"taxonomy":"product_brand","embeddable":true,"href":"https:\/\/edyka.org\/en\/wp-json\/wp\/v2\/product_brand?post=48469"},{"taxonomy":"product_cat","embeddable":true,"href":"https:\/\/edyka.org\/en\/wp-json\/wp\/v2\/product_cat?post=48469"},{"taxonomy":"product_tag","embeddable":true,"href":"https:\/\/edyka.org\/en\/wp-json\/wp\/v2\/product_tag?post=48469"}],"curies":[{"name":"wp","href":"https:\/\/api.w.org\/{rel}","templated":true}]}}