{"id":48467,"date":"2025-07-22T10:30:41","date_gmt":"2025-07-22T14:30:41","guid":{"rendered":"https:\/\/edyka.org\/produit\/les-troubles-emotionnels\/"},"modified":"2025-07-22T10:30:41","modified_gmt":"2025-07-22T14:30:41","slug":"les-troubles-emotionnels","status":"publish","type":"product","link":"https:\/\/edyka.org\/en\/produit\/les-troubles-emotionnels\/","title":{"rendered":"Les troubles \u00e9motionnels"},"content":{"rendered":"<p><iframe loading=\"lazy\" title=\"Les troubles \u00e9motionnels, avec Christophe Andr\u00e9\" width=\"1200\" height=\"900\" src=\"https:\/\/www.youtube.com\/embed\/QbYpFTwbAAI?feature=oembed\" frameborder=\"0\" allow=\"accelerometer; autoplay; clipboard-write; encrypted-media; gyroscope; picture-in-picture; web-share\" referrerpolicy=\"strict-origin-when-cross-origin\" allowfullscreen><\/iframe><\/p>\n","protected":false},"excerpt":{"rendered":"<p>Christophe Andr\u00e9 est l&#8217;un des chefs de file des th\u00e9rapies comportementales et cognitives en France. Psychiatre sp\u00e9cialis\u00e9 dans le traitement des troubles \u00e9motionnels, anxieux et d\u00e9pressifs, il exerce \u00e0 l\u2019h\u00f4pital Saint-Anne, \u00e0 Paris.<\/p>\n","protected":false},"featured_media":37674,"template":"","meta":[],"product_brand":[],"product_cat":[1081,1118,1096,1078],"product_tag":[],"class_list":{"0":"post-48467","1":"product","2":"type-product","3":"status-publish","4":"has-post-thumbnail","6":"product_cat-french","7":"product_cat-popularization","8":"product_cat-sensory-disorders","9":"product_cat-video-en","11":"first","12":"instock","13":"shipping-taxable","14":"product-type-simple"},"jetpack_sharing_enabled":true,"_links":{"self":[{"href":"https:\/\/edyka.org\/en\/wp-json\/wp\/v2\/product\/48467","targetHints":{"allow":["GET"]}}],"collection":[{"href":"https:\/\/edyka.org\/en\/wp-json\/wp\/v2\/product"}],"about":[{"href":"https:\/\/edyka.org\/en\/wp-json\/wp\/v2\/types\/product"}],"wp:featuredmedia":[{"embeddable":true,"href":"https:\/\/edyka.org\/en\/wp-json\/wp\/v2\/media\/37674"}],"wp:attachment":[{"href":"https:\/\/edyka.org\/en\/wp-json\/wp\/v2\/media?parent=48467"}],"wp:term":[{"taxonomy":"product_brand","embeddable":true,"href":"https:\/\/edyka.org\/en\/wp-json\/wp\/v2\/product_brand?post=48467"},{"taxonomy":"product_cat","embeddable":true,"href":"https:\/\/edyka.org\/en\/wp-json\/wp\/v2\/product_cat?post=48467"},{"taxonomy":"product_tag","embeddable":true,"href":"https:\/\/edyka.org\/en\/wp-json\/wp\/v2\/product_tag?post=48467"}],"curies":[{"name":"wp","href":"https:\/\/api.w.org\/{rel}","templated":true}]}}