{"id":48458,"date":"2025-07-22T10:30:49","date_gmt":"2025-07-22T14:30:49","guid":{"rendered":"https:\/\/edyka.org\/produit\/jeu-de-societe-jungle-speed-asmodee\/"},"modified":"2025-07-22T10:30:49","modified_gmt":"2025-07-22T14:30:49","slug":"jeu-de-societe-jungle-speed-asmodee","status":"publish","type":"product","link":"https:\/\/edyka.org\/en\/produit\/jeu-de-societe-jungle-speed-asmodee\/","title":{"rendered":"Jeu de soci\u00e9t\u00e9 &#8220;Jungle Speed&#8221;, Asmod\u00e9e"},"content":{"rendered":"<p><a href=\"https:\/\/www.asmodee.fr\/gamme\/jungle-speed\/\" rel=\"nofollow\">https:\/\/www.asmodee.fr\/gamme\/jungle-speed\/<\/a><\/p>\n","protected":false},"excerpt":{"rendered":"<p>Jungle Speed est un jeu de soci\u00e9t\u00e9 amusant et interactif qui met l&#8217;accent sur la coordination et les r\u00e9flexes. Les joueurs doivent attraper rapidement le totem au centre de la table lorsqu&#8217;une carte correspondante est retourn\u00e9e, ce qui exige des mouvements rapides et pr\u00e9cis.\u00a0<\/p>\n","protected":false},"featured_media":37660,"template":"","meta":[],"product_brand":[],"product_cat":[1080,1101,1081,1083,1074,1113],"product_tag":[1121],"class_list":{"0":"post-48458","1":"product","2":"type-product","3":"status-publish","4":"has-post-thumbnail","6":"product_cat-english","7":"product_cat-enrichment","8":"product_cat-french","9":"product_cat-giftedness","10":"product_cat-interactive","11":"product_cat-youth","12":"product_tag-new","14":"first","15":"instock","16":"shipping-taxable","17":"product-type-simple"},"jetpack_sharing_enabled":true,"_links":{"self":[{"href":"https:\/\/edyka.org\/en\/wp-json\/wp\/v2\/product\/48458","targetHints":{"allow":["GET"]}}],"collection":[{"href":"https:\/\/edyka.org\/en\/wp-json\/wp\/v2\/product"}],"about":[{"href":"https:\/\/edyka.org\/en\/wp-json\/wp\/v2\/types\/product"}],"wp:featuredmedia":[{"embeddable":true,"href":"https:\/\/edyka.org\/en\/wp-json\/wp\/v2\/media\/37660"}],"wp:attachment":[{"href":"https:\/\/edyka.org\/en\/wp-json\/wp\/v2\/media?parent=48458"}],"wp:term":[{"taxonomy":"product_brand","embeddable":true,"href":"https:\/\/edyka.org\/en\/wp-json\/wp\/v2\/product_brand?post=48458"},{"taxonomy":"product_cat","embeddable":true,"href":"https:\/\/edyka.org\/en\/wp-json\/wp\/v2\/product_cat?post=48458"},{"taxonomy":"product_tag","embeddable":true,"href":"https:\/\/edyka.org\/en\/wp-json\/wp\/v2\/product_tag?post=48458"}],"curies":[{"name":"wp","href":"https:\/\/api.w.org\/{rel}","templated":true}]}}