{"id":48457,"date":"2025-07-22T10:30:49","date_gmt":"2025-07-22T14:30:49","guid":{"rendered":"https:\/\/edyka.org\/produit\/les-personnes-autistes-un-actif-pour-la-societe\/"},"modified":"2026-04-11T20:37:53","modified_gmt":"2026-04-12T00:37:53","slug":"les-personnes-autistes-un-actif-pour-la-societe","status":"publish","type":"product","link":"https:\/\/edyka.org\/en\/produit\/les-personnes-autistes-un-actif-pour-la-societe\/","title":{"rendered":"Les personnes autistes un actif pour la soci\u00e9t\u00e9"},"content":{"rendered":"<p><a href=\"https:\/\/www.journaldequebec.com\/2022\/04\/02\/les-personnes-autistes-un-actif-pour-la-societe\" rel=\"nofollow\">https:\/\/www.journaldequebec.com\/2022\/04\/02\/les-personnes-autistes-un-actif-pour-la-societe<\/a><\/p>\n","protected":false},"excerpt":{"rendered":"<p>L&#8217;article &#8220;Les personnes autistes un actif pour la soci\u00e9t\u00e9&#8221; souligne l&#8217;importance de reconna\u00eetre les talents et les comp\u00e9tences des personnes autistes. Il met en avant leur capacit\u00e9 \u00e0 exceller dans des domaines tels que la technologie, les math\u00e9matiques et les sciences, ainsi que leur attention aux d\u00e9tails et leur capacit\u00e9 \u00e0 r\u00e9p\u00e9ter des t\u00e2ches avec pr\u00e9cision. Il souligne \u00e9galement l&#8217;importance de la sensibilisation et de l&#8217;inclusion pour permettre aux personnes autistes de s&#8217;\u00e9panouir et de contribuer \u00e0 la soci\u00e9t\u00e9.<\/p>\n","protected":false},"featured_media":48923,"template":"","meta":[],"product_brand":[],"product_cat":[1087,1081,1118,1077],"product_tag":[],"class_list":{"0":"post-48457","1":"product","2":"type-product","3":"status-publish","4":"has-post-thumbnail","6":"product_cat-asd","7":"product_cat-french","8":"product_cat-popularization","9":"product_cat-text","11":"first","12":"instock","13":"shipping-taxable","14":"product-type-simple"},"jetpack_sharing_enabled":true,"_links":{"self":[{"href":"https:\/\/edyka.org\/en\/wp-json\/wp\/v2\/product\/48457","targetHints":{"allow":["GET"]}}],"collection":[{"href":"https:\/\/edyka.org\/en\/wp-json\/wp\/v2\/product"}],"about":[{"href":"https:\/\/edyka.org\/en\/wp-json\/wp\/v2\/types\/product"}],"wp:featuredmedia":[{"embeddable":true,"href":"https:\/\/edyka.org\/en\/wp-json\/wp\/v2\/media\/48923"}],"wp:attachment":[{"href":"https:\/\/edyka.org\/en\/wp-json\/wp\/v2\/media?parent=48457"}],"wp:term":[{"taxonomy":"product_brand","embeddable":true,"href":"https:\/\/edyka.org\/en\/wp-json\/wp\/v2\/product_brand?post=48457"},{"taxonomy":"product_cat","embeddable":true,"href":"https:\/\/edyka.org\/en\/wp-json\/wp\/v2\/product_cat?post=48457"},{"taxonomy":"product_tag","embeddable":true,"href":"https:\/\/edyka.org\/en\/wp-json\/wp\/v2\/product_tag?post=48457"}],"curies":[{"name":"wp","href":"https:\/\/api.w.org\/{rel}","templated":true}]}}