{"id":48456,"date":"2025-07-22T10:30:50","date_gmt":"2025-07-22T14:30:50","guid":{"rendered":"https:\/\/edyka.org\/produit\/qu-est-ce-que-la-dyspraxie\/"},"modified":"2025-07-22T10:30:50","modified_gmt":"2025-07-22T14:30:50","slug":"qu-est-ce-que-la-dyspraxie","status":"publish","type":"product","link":"https:\/\/edyka.org\/en\/produit\/qu-est-ce-que-la-dyspraxie\/","title":{"rendered":"Qu est ce que la dyspraxie ?"},"content":{"rendered":"<p><a href=\"https:\/\/youtube.com\/watch?v=hEnr0XIeaGw%3Frel%3D0\" rel=\"nofollow\">https:\/\/youtube.com\/watch?v=hEnr0XIeaGw%3Frel%3D0<\/a><\/p>\n","protected":false},"excerpt":{"rendered":"<p>La dyspraxie est un trouble c\u00e9r\u00e9bral de la coordination des gestes. Caroline Huron, chercheuse en sciences cognitives, explique les difficult\u00e9s rencontr\u00e9es par les dyspraxiques au quotidien : difficult\u00e9s \u00e0 apprendre et \u00e0 automatiser des gestes nouveaux, difficult\u00e9s \u00e0 se rep\u00e9rer dans l\u2019espace. Pour aider les enfants dyspraxiques dans leur apprentissage \u00e0 l\u2019\u00e9cole, les chercheurs et les enseignants d\u00e9veloppent des m\u00e9thodes adapt\u00e9es, notamment via l\u2019initiative Le Cartable Fantastique.<\/p>\n","protected":false},"featured_media":16533,"template":"","meta":[],"product_brand":[],"product_cat":[1094,1081,1077,1113],"product_tag":[],"class_list":{"0":"post-48456","1":"product","2":"type-product","3":"status-publish","4":"has-post-thumbnail","6":"product_cat-dyspraxia","7":"product_cat-french","8":"product_cat-text","9":"product_cat-youth","11":"first","12":"instock","13":"shipping-taxable","14":"product-type-simple"},"jetpack_sharing_enabled":true,"_links":{"self":[{"href":"https:\/\/edyka.org\/en\/wp-json\/wp\/v2\/product\/48456","targetHints":{"allow":["GET"]}}],"collection":[{"href":"https:\/\/edyka.org\/en\/wp-json\/wp\/v2\/product"}],"about":[{"href":"https:\/\/edyka.org\/en\/wp-json\/wp\/v2\/types\/product"}],"wp:featuredmedia":[{"embeddable":true,"href":"https:\/\/edyka.org\/en\/wp-json\/wp\/v2\/media\/16533"}],"wp:attachment":[{"href":"https:\/\/edyka.org\/en\/wp-json\/wp\/v2\/media?parent=48456"}],"wp:term":[{"taxonomy":"product_brand","embeddable":true,"href":"https:\/\/edyka.org\/en\/wp-json\/wp\/v2\/product_brand?post=48456"},{"taxonomy":"product_cat","embeddable":true,"href":"https:\/\/edyka.org\/en\/wp-json\/wp\/v2\/product_cat?post=48456"},{"taxonomy":"product_tag","embeddable":true,"href":"https:\/\/edyka.org\/en\/wp-json\/wp\/v2\/product_tag?post=48456"}],"curies":[{"name":"wp","href":"https:\/\/api.w.org\/{rel}","templated":true}]}}