{"id":48455,"date":"2025-07-22T10:30:50","date_gmt":"2025-07-22T14:30:50","guid":{"rendered":"https:\/\/edyka.org\/produit\/la-bibliotheque-sonore-de-lassociation-valentin-hauy\/"},"modified":"2025-07-22T10:30:50","modified_gmt":"2025-07-22T14:30:50","slug":"la-bibliotheque-sonore-de-lassociation-valentin-hauy","status":"publish","type":"product","link":"https:\/\/edyka.org\/en\/produit\/la-bibliotheque-sonore-de-lassociation-valentin-hauy\/","title":{"rendered":"La Biblioth\u00e8que Sonore de l&#8217;Association Valentin Ha\u00fcy"},"content":{"rendered":"<p><a href=\"https:\/\/eole.avh.asso.fr\/\" rel=\"nofollow\">https:\/\/eole.avh.asso.fr\/<\/a><\/p>\n","protected":false},"excerpt":{"rendered":"<p>Cette association propose une biblioth\u00e8que sonore qui met \u00e0 disposition des Livre audio adapt\u00e9s pour les personnes en situation de handicap visuel ou dyslexique. On y retrouve une vaste s\u00e9lection de Livre dans diff\u00e9rents genres litt\u00e9raires.\u00a0<\/p>\n","protected":false},"featured_media":34930,"template":"","meta":[],"product_brand":[],"product_cat":[1115,1081,1074,1097],"product_tag":[],"class_list":{"0":"post-48455","1":"product","2":"type-product","3":"status-publish","4":"has-post-thumbnail","6":"product_cat-educational","7":"product_cat-french","8":"product_cat-interactive","9":"product_cat-learning","11":"first","12":"instock","13":"shipping-taxable","14":"product-type-simple"},"jetpack_sharing_enabled":true,"_links":{"self":[{"href":"https:\/\/edyka.org\/en\/wp-json\/wp\/v2\/product\/48455","targetHints":{"allow":["GET"]}}],"collection":[{"href":"https:\/\/edyka.org\/en\/wp-json\/wp\/v2\/product"}],"about":[{"href":"https:\/\/edyka.org\/en\/wp-json\/wp\/v2\/types\/product"}],"wp:featuredmedia":[{"embeddable":true,"href":"https:\/\/edyka.org\/en\/wp-json\/wp\/v2\/media\/34930"}],"wp:attachment":[{"href":"https:\/\/edyka.org\/en\/wp-json\/wp\/v2\/media?parent=48455"}],"wp:term":[{"taxonomy":"product_brand","embeddable":true,"href":"https:\/\/edyka.org\/en\/wp-json\/wp\/v2\/product_brand?post=48455"},{"taxonomy":"product_cat","embeddable":true,"href":"https:\/\/edyka.org\/en\/wp-json\/wp\/v2\/product_cat?post=48455"},{"taxonomy":"product_tag","embeddable":true,"href":"https:\/\/edyka.org\/en\/wp-json\/wp\/v2\/product_tag?post=48455"}],"curies":[{"name":"wp","href":"https:\/\/api.w.org\/{rel}","templated":true}]}}