{"id":48451,"date":"2025-07-22T10:30:51","date_gmt":"2025-07-22T14:30:51","guid":{"rendered":"https:\/\/edyka.org\/produit\/centre-azrieli-de-recherche-sur-lautisme-cara\/"},"modified":"2026-04-11T20:36:46","modified_gmt":"2026-04-12T00:36:46","slug":"centre-azrieli-de-recherche-sur-lautisme-cara","status":"publish","type":"product","link":"https:\/\/edyka.org\/en\/produit\/centre-azrieli-de-recherche-sur-lautisme-cara\/","title":{"rendered":"Centre Azrieli de recherche sur l&#8217;autisme CARA"},"content":{"rendered":"<p><a href=\"https:\/\/www.mcgill.ca\/neuro\/fr\/recherche\/centre-azrieli-de-recherche-sur-lautisme-cara\" rel=\"nofollow\">https:\/\/www.mcgill.ca\/neuro\/fr\/recherche\/centre-azrieli-de-recherche-sur-lautisme-cara<\/a><\/p>\n","protected":false},"excerpt":{"rendered":"<p>Le site internet du centre a pour sujet la recherche sur l&#8217;autisme. Il pr\u00e9sente les diff\u00e9rents projets de recherche men\u00e9s par le centre, ainsi que les publications scientifiques et les \u00e9v\u00e9nements li\u00e9s \u00e0 l&#8217;autisme. Il fournit \u00e9galement des informations sur les \u00e9quipes de recherche et les partenaires du centre, ainsi que sur les opportunit\u00e9s de financement et de bourse pour les chercheurs int\u00e9ress\u00e9s par l&#8217;autisme. En somme, il est un lieu d&#8217;\u00e9changes et de partage de connaissances sur l&#8217;autisme.<\/p>\n","protected":false},"featured_media":48923,"template":"","meta":[],"product_brand":[],"product_cat":[1087,1080,1081,1112,1075],"product_tag":[],"class_list":{"0":"post-48451","1":"product","2":"type-product","3":"status-publish","4":"has-post-thumbnail","6":"product_cat-asd","7":"product_cat-english","8":"product_cat-french","9":"product_cat-institutional","10":"product_cat-organization","12":"first","13":"instock","14":"shipping-taxable","15":"product-type-simple"},"jetpack_sharing_enabled":true,"_links":{"self":[{"href":"https:\/\/edyka.org\/en\/wp-json\/wp\/v2\/product\/48451","targetHints":{"allow":["GET"]}}],"collection":[{"href":"https:\/\/edyka.org\/en\/wp-json\/wp\/v2\/product"}],"about":[{"href":"https:\/\/edyka.org\/en\/wp-json\/wp\/v2\/types\/product"}],"wp:featuredmedia":[{"embeddable":true,"href":"https:\/\/edyka.org\/en\/wp-json\/wp\/v2\/media\/48923"}],"wp:attachment":[{"href":"https:\/\/edyka.org\/en\/wp-json\/wp\/v2\/media?parent=48451"}],"wp:term":[{"taxonomy":"product_brand","embeddable":true,"href":"https:\/\/edyka.org\/en\/wp-json\/wp\/v2\/product_brand?post=48451"},{"taxonomy":"product_cat","embeddable":true,"href":"https:\/\/edyka.org\/en\/wp-json\/wp\/v2\/product_cat?post=48451"},{"taxonomy":"product_tag","embeddable":true,"href":"https:\/\/edyka.org\/en\/wp-json\/wp\/v2\/product_tag?post=48451"}],"curies":[{"name":"wp","href":"https:\/\/api.w.org\/{rel}","templated":true}]}}