{"id":48450,"date":"2025-07-22T10:30:52","date_gmt":"2025-07-22T14:30:52","guid":{"rendered":"https:\/\/edyka.org\/produit\/le-cartable-fantastique-la-dyspraxie\/"},"modified":"2026-04-11T17:36:58","modified_gmt":"2026-04-11T21:36:58","slug":"le-cartable-fantastique-la-dyspraxie","status":"publish","type":"product","link":"https:\/\/edyka.org\/en\/produit\/le-cartable-fantastique-la-dyspraxie\/","title":{"rendered":"Le cartable fantastique la dyspraxie"},"content":{"rendered":"<blockquote class=\"wp-embedded-content\" data-secret=\"VlVZEhep15\"><p><a href=\"https:\/\/www.cartablefantastique.fr\/\" rel=\"nofollow noopener\" target=\"_blank\">Home<\/a><\/p><\/blockquote>\n<p><iframe loading=\"lazy\" class=\"wp-embedded-content\" sandbox=\"allow-scripts\" security=\"restricted\" style=\"position: absolute; visibility: hidden;\" title=\"\u00ab\u00a0Home\u00a0\u00bb &#8212; Cartable Fantastique\" src=\"https:\/\/www.cartablefantastique.fr\/embed\/#?secret=YjICdKB3Gd#?secret=VlVZEhep15\" data-secret=\"VlVZEhep15\" width=\"600\" height=\"338\" frameborder=\"0\" marginwidth=\"0\" marginheight=\"0\" scrolling=\"no\"><\/iframe><\/p>\n","protected":false},"excerpt":{"rendered":"<p>Un rien le fait pleurer, il sursaute au moindre bruit et ressent toutes les \u00e9motions de mani\u00e8re plus intense&#8230; Ce temp\u00e9rament hautement sensible concerne 30% de la population. D\u2019o\u00f9 peut venir cette hypersensibilit\u00e9 ? Comment se manifeste-t-elle chez l\u2019enfant ? Et comment l\u2019aider \u00e0 r\u00e9guler ses \u00e9motions ?<\/p>\n","protected":false},"featured_media":48905,"template":"","meta":[],"product_brand":[],"product_cat":[1094,1081,1112,1075,1102],"product_tag":[1119,1120],"class_list":{"0":"post-48450","1":"product","2":"type-product","3":"status-publish","4":"has-post-thumbnail","6":"product_cat-dyspraxia","7":"product_cat-french","8":"product_cat-institutional","9":"product_cat-organization","10":"product_cat-tools","11":"product_tag-editors-pick","12":"product_tag-teachers","14":"first","15":"instock","16":"shipping-taxable","17":"product-type-simple"},"jetpack_sharing_enabled":true,"_links":{"self":[{"href":"https:\/\/edyka.org\/en\/wp-json\/wp\/v2\/product\/48450","targetHints":{"allow":["GET"]}}],"collection":[{"href":"https:\/\/edyka.org\/en\/wp-json\/wp\/v2\/product"}],"about":[{"href":"https:\/\/edyka.org\/en\/wp-json\/wp\/v2\/types\/product"}],"wp:featuredmedia":[{"embeddable":true,"href":"https:\/\/edyka.org\/en\/wp-json\/wp\/v2\/media\/48905"}],"wp:attachment":[{"href":"https:\/\/edyka.org\/en\/wp-json\/wp\/v2\/media?parent=48450"}],"wp:term":[{"taxonomy":"product_brand","embeddable":true,"href":"https:\/\/edyka.org\/en\/wp-json\/wp\/v2\/product_brand?post=48450"},{"taxonomy":"product_cat","embeddable":true,"href":"https:\/\/edyka.org\/en\/wp-json\/wp\/v2\/product_cat?post=48450"},{"taxonomy":"product_tag","embeddable":true,"href":"https:\/\/edyka.org\/en\/wp-json\/wp\/v2\/product_tag?post=48450"}],"curies":[{"name":"wp","href":"https:\/\/api.w.org\/{rel}","templated":true}]}}