{"id":48446,"date":"2025-07-22T10:31:06","date_gmt":"2025-07-22T14:31:06","guid":{"rendered":"https:\/\/edyka.org\/produit\/top-doctors-dysorthography\/"},"modified":"2026-04-12T21:31:48","modified_gmt":"2026-04-13T01:31:48","slug":"top-doctors-dysorthography","status":"publish","type":"product","link":"https:\/\/edyka.org\/en\/produit\/top-doctors-dysorthography\/","title":{"rendered":"Top doctors dysorthography"},"content":{"rendered":"<p><a href=\"https:\/\/www.topdoctors.co.uk\/medical-dictionary\/dysorthography\" rel=\"nofollow\">https:\/\/www.topdoctors.co.uk\/medical-dictionary\/dysorthography<\/a><\/p>\n","protected":false},"excerpt":{"rendered":"<p>La dysorthographie est un trouble sp\u00e9cifique de l\u2019apprentissage de l\u2019orthographe, souvent associ\u00e9 \u00e0 la dyslexie, se manifestant par des fautes r\u00e9currentes (confusions de lettres, erreurs d\u2019usage des articles, fautes d\u2019orthographe) malgr\u00e9 une intelligence normale<\/p>\n","protected":false},"featured_media":27633,"template":"","meta":[],"product_brand":[],"product_cat":[1092,1080,1118,1077],"product_tag":[],"class_list":{"0":"post-48446","1":"product","2":"type-product","3":"status-publish","4":"has-post-thumbnail","6":"product_cat-dysorthographia","7":"product_cat-english","8":"product_cat-popularization","9":"product_cat-text","11":"first","12":"instock","13":"shipping-taxable","14":"product-type-simple"},"jetpack_sharing_enabled":true,"_links":{"self":[{"href":"https:\/\/edyka.org\/en\/wp-json\/wp\/v2\/product\/48446","targetHints":{"allow":["GET"]}}],"collection":[{"href":"https:\/\/edyka.org\/en\/wp-json\/wp\/v2\/product"}],"about":[{"href":"https:\/\/edyka.org\/en\/wp-json\/wp\/v2\/types\/product"}],"wp:featuredmedia":[{"embeddable":true,"href":"https:\/\/edyka.org\/en\/wp-json\/wp\/v2\/media\/27633"}],"wp:attachment":[{"href":"https:\/\/edyka.org\/en\/wp-json\/wp\/v2\/media?parent=48446"}],"wp:term":[{"taxonomy":"product_brand","embeddable":true,"href":"https:\/\/edyka.org\/en\/wp-json\/wp\/v2\/product_brand?post=48446"},{"taxonomy":"product_cat","embeddable":true,"href":"https:\/\/edyka.org\/en\/wp-json\/wp\/v2\/product_cat?post=48446"},{"taxonomy":"product_tag","embeddable":true,"href":"https:\/\/edyka.org\/en\/wp-json\/wp\/v2\/product_tag?post=48446"}],"curies":[{"name":"wp","href":"https:\/\/api.w.org\/{rel}","templated":true}]}}