{"id":48445,"date":"2025-07-22T10:31:06","date_gmt":"2025-07-22T14:31:06","guid":{"rendered":"https:\/\/edyka.org\/produit\/laisse-moi-texpliquer-la-dyspraxie\/"},"modified":"2025-07-22T10:31:06","modified_gmt":"2025-07-22T14:31:06","slug":"laisse-moi-texpliquer-la-dyspraxie","status":"publish","type":"product","link":"https:\/\/edyka.org\/en\/produit\/laisse-moi-texpliquer-la-dyspraxie\/","title":{"rendered":"Laisse-moi t&#8217;expliquer la dyspraxie"},"content":{"rendered":"<p><a href=\"https:\/\/www.pirouette-editions.fr\/laisse-moi-t-expliquer-la-dyspraxie-1167.fr\" rel=\"nofollow\">https:\/\/www.pirouette-editions.fr\/laisse-moi-t-expliquer-la-dyspraxie-1167.fr<\/a><\/p>\n","protected":false},"excerpt":{"rendered":"<p>je suis\u2026 tr\u00e8s maladroite. En fait, j\u2019ai un handicap qui s\u2019appelle la dyspraxie. Sais-tu ce que c\u2019est ? En fait, la dyspraxie (ou trouble d\u2019acquisition de la coordination) est un trouble neurologique qui affecte la capacit\u00e9 \u00e0 planifier, \u00e0 organiser et \u00e0 automatiser les gestes moteurs pour r\u00e9ali-ser une action. En d\u2019autres termes, c\u2019est une difficult\u00e9 \u00e0 effectuer les bons mouvements.<\/p>\n","protected":false},"featured_media":17881,"template":"","meta":[],"product_brand":[],"product_cat":[1094,1115,1081,1118,1077],"product_tag":[],"class_list":{"0":"post-48445","1":"product","2":"type-product","3":"status-publish","4":"has-post-thumbnail","6":"product_cat-dyspraxia","7":"product_cat-educational","8":"product_cat-french","9":"product_cat-popularization","10":"product_cat-text","12":"first","13":"instock","14":"shipping-taxable","15":"product-type-simple"},"jetpack_sharing_enabled":true,"_links":{"self":[{"href":"https:\/\/edyka.org\/en\/wp-json\/wp\/v2\/product\/48445","targetHints":{"allow":["GET"]}}],"collection":[{"href":"https:\/\/edyka.org\/en\/wp-json\/wp\/v2\/product"}],"about":[{"href":"https:\/\/edyka.org\/en\/wp-json\/wp\/v2\/types\/product"}],"wp:featuredmedia":[{"embeddable":true,"href":"https:\/\/edyka.org\/en\/wp-json\/wp\/v2\/media\/17881"}],"wp:attachment":[{"href":"https:\/\/edyka.org\/en\/wp-json\/wp\/v2\/media?parent=48445"}],"wp:term":[{"taxonomy":"product_brand","embeddable":true,"href":"https:\/\/edyka.org\/en\/wp-json\/wp\/v2\/product_brand?post=48445"},{"taxonomy":"product_cat","embeddable":true,"href":"https:\/\/edyka.org\/en\/wp-json\/wp\/v2\/product_cat?post=48445"},{"taxonomy":"product_tag","embeddable":true,"href":"https:\/\/edyka.org\/en\/wp-json\/wp\/v2\/product_tag?post=48445"}],"curies":[{"name":"wp","href":"https:\/\/api.w.org\/{rel}","templated":true}]}}