{"id":48444,"date":"2025-07-22T10:31:07","date_gmt":"2025-07-22T14:31:07","guid":{"rendered":"https:\/\/edyka.org\/produit\/tellagami\/"},"modified":"2025-07-22T10:31:07","modified_gmt":"2025-07-22T14:31:07","slug":"tellagami","status":"publish","type":"product","link":"https:\/\/edyka.org\/en\/produit\/tellagami\/","title":{"rendered":"Tellagami"},"content":{"rendered":"<p><a href=\"https:\/\/apps.apple.com\/fr\/app\/tellagami\/id572737805\" rel=\"nofollow\">https:\/\/apps.apple.com\/fr\/app\/tellagami\/id572737805<\/a><\/p>\n","protected":false},"excerpt":{"rendered":"<p>Expression orale. Pratiquer un expos\u00e9 oral et plus&#8230;  Cr\u00e9er une pr\u00e9sentation audiovisuelle avec un avatar. Dur\u00e9e maximum: 30 secondes. Application de cr\u00e9ation<\/p>\n","protected":false},"featured_media":37654,"template":"","meta":[],"product_brand":[],"product_cat":[1115,1080,1074,1097],"product_tag":[],"class_list":{"0":"post-48444","1":"product","2":"type-product","3":"status-publish","4":"has-post-thumbnail","6":"product_cat-educational","7":"product_cat-english","8":"product_cat-interactive","9":"product_cat-learning","11":"first","12":"instock","13":"shipping-taxable","14":"product-type-simple"},"jetpack_sharing_enabled":true,"_links":{"self":[{"href":"https:\/\/edyka.org\/en\/wp-json\/wp\/v2\/product\/48444","targetHints":{"allow":["GET"]}}],"collection":[{"href":"https:\/\/edyka.org\/en\/wp-json\/wp\/v2\/product"}],"about":[{"href":"https:\/\/edyka.org\/en\/wp-json\/wp\/v2\/types\/product"}],"wp:featuredmedia":[{"embeddable":true,"href":"https:\/\/edyka.org\/en\/wp-json\/wp\/v2\/media\/37654"}],"wp:attachment":[{"href":"https:\/\/edyka.org\/en\/wp-json\/wp\/v2\/media?parent=48444"}],"wp:term":[{"taxonomy":"product_brand","embeddable":true,"href":"https:\/\/edyka.org\/en\/wp-json\/wp\/v2\/product_brand?post=48444"},{"taxonomy":"product_cat","embeddable":true,"href":"https:\/\/edyka.org\/en\/wp-json\/wp\/v2\/product_cat?post=48444"},{"taxonomy":"product_tag","embeddable":true,"href":"https:\/\/edyka.org\/en\/wp-json\/wp\/v2\/product_tag?post=48444"}],"curies":[{"name":"wp","href":"https:\/\/api.w.org\/{rel}","templated":true}]}}