{"id":48443,"date":"2025-07-22T10:31:07","date_gmt":"2025-07-22T14:31:07","guid":{"rendered":"https:\/\/edyka.org\/produit\/entrainement-aux-habiletes-sociales-applique-a-lautisme-guide-pour-les-intervenants\/"},"modified":"2026-04-10T21:59:54","modified_gmt":"2026-04-11T01:59:54","slug":"entrainement-aux-habiletes-sociales-applique-a-lautisme-guide-pour-les-intervenants","status":"publish","type":"product","link":"https:\/\/edyka.org\/en\/produit\/entrainement-aux-habiletes-sociales-applique-a-lautisme-guide-pour-les-intervenants\/","title":{"rendered":"Entra\u00eenement aux habilet\u00e9s sociales appliqu\u00e9 \u00e0 l&#8217;autisme: Guide pour les intervenants"},"content":{"rendered":"<blockquote class=\"wp-embedded-content\" data-secret=\"XtAiSFsdkm\"><p><a href=\"https:\/\/www.autisme.qc.ca\/cdd\/entrainement-aux-habiletes-sociales-applique-a-lautisme-guide-pour-les-intervenants\/\" rel=\"nofollow noopener\" target=\"_blank\">Entra\u00eenement aux habilet\u00e9s sociales appliqu\u00e9 \u00e0 l&rsquo;autisme Guide pour les intervenants<\/a><\/p><\/blockquote>\n<p><iframe loading=\"lazy\" class=\"wp-embedded-content\" sandbox=\"allow-scripts\" security=\"restricted\" style=\"position: absolute; visibility: hidden;\" title=\"&laquo; Entra\u00eenement aux habilet\u00e9s sociales appliqu\u00e9 \u00e0 l&rsquo;autisme Guide pour les intervenants &raquo; &#8212; F\u00e9d\u00e9ration qu\u00e9b\u00e9coise de l\u2019autisme\" src=\"https:\/\/www.autisme.qc.ca\/cdd\/entrainement-aux-habiletes-sociales-applique-a-lautisme-guide-pour-les-intervenants\/embed\/#?secret=5ahoBB5MRn#?secret=XtAiSFsdkm\" data-secret=\"XtAiSFsdkm\" width=\"600\" height=\"338\" frameborder=\"0\" marginwidth=\"0\" marginheight=\"0\" scrolling=\"no\"><\/iframe><\/p>\n","protected":false},"excerpt":{"rendered":"<p>Apr\u00e8s un rappel des concepts cliniques et th\u00e9oriques sur l&#8217;autisme l&#8217;ouvrage aborde les m\u00e9thodes d&#8217;\u00e9valuation des cognitions sociales. Les modes de prises en charge sont pr\u00e9sent\u00e9s en particulier ceux ciblant l&#8217;am\u00e9lioration des habilet\u00e9s sociales. Par la suite l&#8217;ouvrage d\u00e9crit le programme d&#8217;entra\u00eenement aux habilet\u00e9s sociales pour proposer \u00e0 partir d&#8217;objectifs pr\u00e9cis et progressifs des exercices concrets de mise en situation.<\/p>\n","protected":false},"featured_media":37670,"template":"","meta":[],"product_brand":[],"product_cat":[1081,1116,1108,1077],"product_tag":[],"class_list":{"0":"post-48443","1":"product","2":"type-product","3":"status-publish","4":"has-post-thumbnail","6":"product_cat-french","7":"product_cat-scientific","8":"product_cat-social-skills","9":"product_cat-text","11":"first","12":"instock","13":"shipping-taxable","14":"product-type-simple"},"jetpack_sharing_enabled":true,"_links":{"self":[{"href":"https:\/\/edyka.org\/en\/wp-json\/wp\/v2\/product\/48443","targetHints":{"allow":["GET"]}}],"collection":[{"href":"https:\/\/edyka.org\/en\/wp-json\/wp\/v2\/product"}],"about":[{"href":"https:\/\/edyka.org\/en\/wp-json\/wp\/v2\/types\/product"}],"wp:featuredmedia":[{"embeddable":true,"href":"https:\/\/edyka.org\/en\/wp-json\/wp\/v2\/media\/37670"}],"wp:attachment":[{"href":"https:\/\/edyka.org\/en\/wp-json\/wp\/v2\/media?parent=48443"}],"wp:term":[{"taxonomy":"product_brand","embeddable":true,"href":"https:\/\/edyka.org\/en\/wp-json\/wp\/v2\/product_brand?post=48443"},{"taxonomy":"product_cat","embeddable":true,"href":"https:\/\/edyka.org\/en\/wp-json\/wp\/v2\/product_cat?post=48443"},{"taxonomy":"product_tag","embeddable":true,"href":"https:\/\/edyka.org\/en\/wp-json\/wp\/v2\/product_tag?post=48443"}],"curies":[{"name":"wp","href":"https:\/\/api.w.org\/{rel}","templated":true}]}}