{"id":48442,"date":"2025-07-22T10:31:07","date_gmt":"2025-07-22T14:31:07","guid":{"rendered":"https:\/\/edyka.org\/produit\/mickey-mouse-house-disney-english\/"},"modified":"2025-07-22T10:31:07","modified_gmt":"2025-07-22T14:31:07","slug":"mickey-mouse-house-disney-english","status":"publish","type":"product","link":"https:\/\/edyka.org\/en\/produit\/mickey-mouse-house-disney-english\/","title":{"rendered":"Mickey Mouse house &#8211; Disney English"},"content":{"rendered":"<p><iframe loading=\"lazy\" title=\"Disney English - To Build\" width=\"1200\" height=\"675\" src=\"https:\/\/www.youtube.com\/embed\/hnWgYbvflpc?list=PLG8lFNEP4-0_5I3az37EAHv1Sa-3pLhja\" frameborder=\"0\" allow=\"accelerometer; autoplay; clipboard-write; encrypted-media; gyroscope; picture-in-picture; web-share\" referrerpolicy=\"strict-origin-when-cross-origin\" allowfullscreen><\/iframe><\/p>\n","protected":false},"excerpt":{"rendered":"<p>Les dessins anim\u00e9s de Disney ont toujours fait partie des \u00e9missions pr\u00e9f\u00e9r\u00e9es des plus grands mais \u00e9galement des petits. Emouvants, \u00e9ducatifs. Disney English est une cha\u00eene sp\u00e9ciale cr\u00e9\u00e9e pour transmettre la langue anglaise aux plus petits de mani\u00e8re ludique et en compagnie des personnages de Disney. \u202fChaque \u00e9pisode d\u2019une dur\u00e9e de 35 minutes d\u00e9veloppe un th\u00e8me particulier. \u202fLa structure est simple et r\u00e9p\u00e9titive. \u202fCette \u00e9mission propose un dessin anim\u00e9 en fran\u00e7ais d\u2019une des trois s\u00e9ries de Disney Junior (La Maison de Mickey Mouse, Little Einsteins ou l\u2019Agent Sp\u00e9tial OSO) avec des intervalles didactiques et \u00e9ducatifs. <\/p>\n","protected":false},"featured_media":37654,"template":"","meta":[],"product_brand":[],"product_cat":[1080,1097,1078,1113],"product_tag":[],"class_list":{"0":"post-48442","1":"product","2":"type-product","3":"status-publish","4":"has-post-thumbnail","6":"product_cat-english","7":"product_cat-learning","8":"product_cat-video-en","9":"product_cat-youth","11":"first","12":"instock","13":"shipping-taxable","14":"product-type-simple"},"jetpack_sharing_enabled":true,"_links":{"self":[{"href":"https:\/\/edyka.org\/en\/wp-json\/wp\/v2\/product\/48442","targetHints":{"allow":["GET"]}}],"collection":[{"href":"https:\/\/edyka.org\/en\/wp-json\/wp\/v2\/product"}],"about":[{"href":"https:\/\/edyka.org\/en\/wp-json\/wp\/v2\/types\/product"}],"wp:featuredmedia":[{"embeddable":true,"href":"https:\/\/edyka.org\/en\/wp-json\/wp\/v2\/media\/37654"}],"wp:attachment":[{"href":"https:\/\/edyka.org\/en\/wp-json\/wp\/v2\/media?parent=48442"}],"wp:term":[{"taxonomy":"product_brand","embeddable":true,"href":"https:\/\/edyka.org\/en\/wp-json\/wp\/v2\/product_brand?post=48442"},{"taxonomy":"product_cat","embeddable":true,"href":"https:\/\/edyka.org\/en\/wp-json\/wp\/v2\/product_cat?post=48442"},{"taxonomy":"product_tag","embeddable":true,"href":"https:\/\/edyka.org\/en\/wp-json\/wp\/v2\/product_tag?post=48442"}],"curies":[{"name":"wp","href":"https:\/\/api.w.org\/{rel}","templated":true}]}}