{"id":48441,"date":"2025-07-22T10:31:08","date_gmt":"2025-07-22T14:31:08","guid":{"rendered":"https:\/\/edyka.org\/produit\/meditation-pour-les-enfants-qui-ont-peur-de-ne-pas-etre-interroges\/"},"modified":"2025-07-22T10:31:08","modified_gmt":"2025-07-22T14:31:08","slug":"meditation-pour-les-enfants-qui-ont-peur-de-ne-pas-etre-interroges","status":"publish","type":"product","link":"https:\/\/edyka.org\/en\/produit\/meditation-pour-les-enfants-qui-ont-peur-de-ne-pas-etre-interroges\/","title":{"rendered":"M\u00e9ditation pour les enfants qui ont peur de ne pas \u00eatre interrog\u00e9s"},"content":{"rendered":"<p><a href=\"https:\/\/youtube.com\/watch?v=CmaGm_VgKcI%3Frel%3D0\" rel=\"nofollow\">https:\/\/youtube.com\/watch?v=CmaGm_VgKcI%3Frel%3D0<\/a><\/p>\n","protected":false},"excerpt":{"rendered":"<p>Comment apprendre \u00e0 se f\u00e9liciter, s&#8217;encourager et s&#8217;aimer d&#8217;avantage?<br \/>\nVoici une courte m\u00e9ditation qui vise \u00e0 aider les \u00e9l\u00e8ves \u00e0 d\u00e9velopper plus de confiance en eux.<\/p>\n","protected":false},"featured_media":37672,"template":"","meta":[],"product_brand":[],"product_cat":[1106,1081,1114,1078],"product_tag":[],"class_list":{"0":"post-48441","1":"product","2":"type-product","3":"status-publish","4":"has-post-thumbnail","6":"product_cat-anxiety","7":"product_cat-french","8":"product_cat-practical","9":"product_cat-video-en","11":"first","12":"instock","13":"shipping-taxable","14":"product-type-simple"},"jetpack_sharing_enabled":true,"_links":{"self":[{"href":"https:\/\/edyka.org\/en\/wp-json\/wp\/v2\/product\/48441","targetHints":{"allow":["GET"]}}],"collection":[{"href":"https:\/\/edyka.org\/en\/wp-json\/wp\/v2\/product"}],"about":[{"href":"https:\/\/edyka.org\/en\/wp-json\/wp\/v2\/types\/product"}],"wp:featuredmedia":[{"embeddable":true,"href":"https:\/\/edyka.org\/en\/wp-json\/wp\/v2\/media\/37672"}],"wp:attachment":[{"href":"https:\/\/edyka.org\/en\/wp-json\/wp\/v2\/media?parent=48441"}],"wp:term":[{"taxonomy":"product_brand","embeddable":true,"href":"https:\/\/edyka.org\/en\/wp-json\/wp\/v2\/product_brand?post=48441"},{"taxonomy":"product_cat","embeddable":true,"href":"https:\/\/edyka.org\/en\/wp-json\/wp\/v2\/product_cat?post=48441"},{"taxonomy":"product_tag","embeddable":true,"href":"https:\/\/edyka.org\/en\/wp-json\/wp\/v2\/product_tag?post=48441"}],"curies":[{"name":"wp","href":"https:\/\/api.w.org\/{rel}","templated":true}]}}