{"id":48439,"date":"2025-07-22T10:31:08","date_gmt":"2025-07-22T14:31:08","guid":{"rendered":"https:\/\/edyka.org\/produit\/habiletes-sociales\/"},"modified":"2025-07-22T10:31:08","modified_gmt":"2025-07-22T14:31:08","slug":"habiletes-sociales","status":"publish","type":"product","link":"https:\/\/edyka.org\/en\/produit\/habiletes-sociales\/","title":{"rendered":"Habilet\u00e9s sociales"},"content":{"rendered":"<blockquote class=\"wp-embedded-content\" data-secret=\"wuBrrWGaA8\"><p><a href=\"https:\/\/educationspecialisee.ca\/habiletessociales\/\" rel=\"nofollow noopener\" target=\"_blank\">Habilet\u00e9s sociales<\/a><\/p><\/blockquote>\n<p><iframe loading=\"lazy\" class=\"wp-embedded-content\" sandbox=\"allow-scripts\" security=\"restricted\" style=\"position: absolute; visibility: hidden;\" title=\"\u00ab\u00a0Habilet\u00e9s sociales\u00a0\u00bb &#8212; Les tr\u00e9sors en \u00e9ducation sp\u00e9cialis\u00e9e\" src=\"https:\/\/educationspecialisee.ca\/habiletessociales\/embed\/#?secret=W4oKPm48KP#?secret=wuBrrWGaA8\" data-secret=\"wuBrrWGaA8\" width=\"600\" height=\"338\" frameborder=\"0\" marginwidth=\"0\" marginheight=\"0\" scrolling=\"no\"><\/iframe><\/p>\n","protected":false},"excerpt":{"rendered":"<p>Le site \u00c9ducation sp\u00e9cialis\u00e9e (Les tr\u00e9sors) propose une section d\u00e9di\u00e9e aux habilet\u00e9s sociales, d\u00e9finies comme la capacit\u00e9 \u00e0 adopter des comportements adapt\u00e9s dans divers contextes (maison, \u00e9cole, etc.). Il expose un programme en six \u00e9tapes\u2014enseignement, modelage, activit\u00e9s, r\u00e9troaction, objectivation et g\u00e9n\u00e9ralisation\u2014pour structurer l\u2019apprentissage de ces comp\u00e9tences. Enfin, il offre des outils concrets (plans de le\u00e7on, cartes \u00e0 t\u00e2ches, vid\u00e9os) destin\u00e9s aux \u00e9ducateurs, enseignants et intervenants pour faciliter la mise en pratique<\/p>\n","protected":false},"featured_media":37670,"template":"","meta":[],"product_brand":[],"product_cat":[1115,1081,1074,1118,1108],"product_tag":[],"class_list":{"0":"post-48439","1":"product","2":"type-product","3":"status-publish","4":"has-post-thumbnail","6":"product_cat-educational","7":"product_cat-french","8":"product_cat-interactive","9":"product_cat-popularization","10":"product_cat-social-skills","12":"first","13":"instock","14":"shipping-taxable","15":"product-type-simple"},"jetpack_sharing_enabled":true,"_links":{"self":[{"href":"https:\/\/edyka.org\/en\/wp-json\/wp\/v2\/product\/48439","targetHints":{"allow":["GET"]}}],"collection":[{"href":"https:\/\/edyka.org\/en\/wp-json\/wp\/v2\/product"}],"about":[{"href":"https:\/\/edyka.org\/en\/wp-json\/wp\/v2\/types\/product"}],"wp:featuredmedia":[{"embeddable":true,"href":"https:\/\/edyka.org\/en\/wp-json\/wp\/v2\/media\/37670"}],"wp:attachment":[{"href":"https:\/\/edyka.org\/en\/wp-json\/wp\/v2\/media?parent=48439"}],"wp:term":[{"taxonomy":"product_brand","embeddable":true,"href":"https:\/\/edyka.org\/en\/wp-json\/wp\/v2\/product_brand?post=48439"},{"taxonomy":"product_cat","embeddable":true,"href":"https:\/\/edyka.org\/en\/wp-json\/wp\/v2\/product_cat?post=48439"},{"taxonomy":"product_tag","embeddable":true,"href":"https:\/\/edyka.org\/en\/wp-json\/wp\/v2\/product_tag?post=48439"}],"curies":[{"name":"wp","href":"https:\/\/api.w.org\/{rel}","templated":true}]}}