{"id":48437,"date":"2025-07-22T10:31:09","date_gmt":"2025-07-22T14:31:09","guid":{"rendered":"https:\/\/edyka.org\/produit\/ali-baba-et-les-40-voleurs\/"},"modified":"2025-07-22T10:31:09","modified_gmt":"2025-07-22T14:31:09","slug":"ali-baba-et-les-40-voleurs","status":"publish","type":"product","link":"https:\/\/edyka.org\/en\/produit\/ali-baba-et-les-40-voleurs\/","title":{"rendered":"Ali Baba et les 40 voleurs"},"content":{"rendered":"<blockquote class=\"wp-embedded-content\" data-secret=\"372DN7IuB9\"><p><a href=\"https:\/\/webzine.souris-grise.fr\/alibaba-et-les-quarante-voleurs-une-version-iphone-plutot-reussie\/\" rel=\"nofollow noopener\" target=\"_blank\">Alibaba et les quarante voleurs : une version num\u00e9rique bien r\u00e9ussie<\/a><\/p><\/blockquote>\n<p><iframe loading=\"lazy\" class=\"wp-embedded-content\" sandbox=\"allow-scripts\" security=\"restricted\" style=\"position: absolute; visibility: hidden;\" title=\"\u00ab\u00a0Alibaba et les quarante voleurs : une version num\u00e9rique bien r\u00e9ussie\u00a0\u00bb &#8212; La Souris Grise\" src=\"https:\/\/webzine.souris-grise.fr\/alibaba-et-les-quarante-voleurs-une-version-iphone-plutot-reussie\/embed\/#?secret=Uv9BVvMczZ#?secret=372DN7IuB9\" data-secret=\"372DN7IuB9\" width=\"600\" height=\"338\" frameborder=\"0\" marginwidth=\"0\" marginheight=\"0\" scrolling=\"no\"><\/iframe><\/p>\n","protected":false},"excerpt":{"rendered":"<p>Livre-application avec fonctionnalit\u00e9s d\u2019aide \u00e0 la lecture: Mise en surbrillance du texte au fur et \u00e0 mesure de la lecture. \u00c9criture scripte, majuscule ou cursive. Mise en \u00e9vidence: lettres muettes, syllabes, etc. Lexique expliqu\u00e9 \u00e0 l&#8217;aide de courtes d\u00e9finitions ou d&#8217;images. Plusieurs Livre disponibles dans la collection Chocolapps<\/p>\n","protected":false},"featured_media":34930,"template":"","meta":[],"product_brand":[],"product_cat":[1091,1081,1074,1097,1114,1113],"product_tag":[],"class_list":{"0":"post-48437","1":"product","2":"type-product","3":"status-publish","4":"has-post-thumbnail","6":"product_cat-dyslexia","7":"product_cat-french","8":"product_cat-interactive","9":"product_cat-learning","10":"product_cat-practical","11":"product_cat-youth","13":"first","14":"instock","15":"shipping-taxable","16":"product-type-simple"},"jetpack_sharing_enabled":true,"_links":{"self":[{"href":"https:\/\/edyka.org\/en\/wp-json\/wp\/v2\/product\/48437","targetHints":{"allow":["GET"]}}],"collection":[{"href":"https:\/\/edyka.org\/en\/wp-json\/wp\/v2\/product"}],"about":[{"href":"https:\/\/edyka.org\/en\/wp-json\/wp\/v2\/types\/product"}],"wp:featuredmedia":[{"embeddable":true,"href":"https:\/\/edyka.org\/en\/wp-json\/wp\/v2\/media\/34930"}],"wp:attachment":[{"href":"https:\/\/edyka.org\/en\/wp-json\/wp\/v2\/media?parent=48437"}],"wp:term":[{"taxonomy":"product_brand","embeddable":true,"href":"https:\/\/edyka.org\/en\/wp-json\/wp\/v2\/product_brand?post=48437"},{"taxonomy":"product_cat","embeddable":true,"href":"https:\/\/edyka.org\/en\/wp-json\/wp\/v2\/product_cat?post=48437"},{"taxonomy":"product_tag","embeddable":true,"href":"https:\/\/edyka.org\/en\/wp-json\/wp\/v2\/product_tag?post=48437"}],"curies":[{"name":"wp","href":"https:\/\/api.w.org\/{rel}","templated":true}]}}