{"id":48431,"date":"2025-07-22T10:31:11","date_gmt":"2025-07-22T14:31:11","guid":{"rendered":"https:\/\/edyka.org\/produit\/lumni\/"},"modified":"2025-07-22T10:31:11","modified_gmt":"2025-07-22T14:31:11","slug":"lumni","status":"publish","type":"product","link":"https:\/\/edyka.org\/en\/produit\/lumni\/","title":{"rendered":"Lumni"},"content":{"rendered":"<p><a href=\"https:\/\/www.lumni.fr\/\" rel=\"nofollow\">https:\/\/www.lumni.fr\/<\/a><\/p>\n","protected":false},"excerpt":{"rendered":"<p>La plateforme mise en place par France TV, Arte, Radio France, RFI, l&#8217;INA ou encore le R\u00e9seau Canop\u00e9, notamment, propose des vid\u00e9os, de l&#8217;audio, des jeux ou encore des articles, en acc\u00e8s libre et gratuit. Enseignants et \u00e9ducateurs sont invit\u00e9s \u00e0 piocher dans plus de 10.000 contenus, class\u00e9s par niveaux et disciplines (primaire, coll\u00e8ge, lyc\u00e9e)<\/p>\n","protected":false},"featured_media":37654,"template":"","meta":[],"product_brand":[],"product_cat":[1081,1074,1114,1102],"product_tag":[],"class_list":{"0":"post-48431","1":"product","2":"type-product","3":"status-publish","4":"has-post-thumbnail","6":"product_cat-french","7":"product_cat-interactive","8":"product_cat-practical","9":"product_cat-tools","11":"first","12":"instock","13":"shipping-taxable","14":"product-type-simple"},"jetpack_sharing_enabled":true,"_links":{"self":[{"href":"https:\/\/edyka.org\/en\/wp-json\/wp\/v2\/product\/48431","targetHints":{"allow":["GET"]}}],"collection":[{"href":"https:\/\/edyka.org\/en\/wp-json\/wp\/v2\/product"}],"about":[{"href":"https:\/\/edyka.org\/en\/wp-json\/wp\/v2\/types\/product"}],"wp:featuredmedia":[{"embeddable":true,"href":"https:\/\/edyka.org\/en\/wp-json\/wp\/v2\/media\/37654"}],"wp:attachment":[{"href":"https:\/\/edyka.org\/en\/wp-json\/wp\/v2\/media?parent=48431"}],"wp:term":[{"taxonomy":"product_brand","embeddable":true,"href":"https:\/\/edyka.org\/en\/wp-json\/wp\/v2\/product_brand?post=48431"},{"taxonomy":"product_cat","embeddable":true,"href":"https:\/\/edyka.org\/en\/wp-json\/wp\/v2\/product_cat?post=48431"},{"taxonomy":"product_tag","embeddable":true,"href":"https:\/\/edyka.org\/en\/wp-json\/wp\/v2\/product_tag?post=48431"}],"curies":[{"name":"wp","href":"https:\/\/api.w.org\/{rel}","templated":true}]}}