{"id":48429,"date":"2025-07-22T10:31:16","date_gmt":"2025-07-22T14:31:16","guid":{"rendered":"https:\/\/edyka.org\/produit\/balance\/"},"modified":"2025-07-22T10:31:16","modified_gmt":"2025-07-22T14:31:16","slug":"balance","status":"publish","type":"product","link":"https:\/\/edyka.org\/en\/produit\/balance\/","title":{"rendered":"Balance"},"content":{"rendered":"<p>example (il y en a beaucoup d&#8217;autres) : <a href=\"https:\/\/www.amazon.ca\/-\/fr\/d%C3%A9quilibre-balance-pes%C3%A9e-%C3%A9ducatif-enfants\/dp\/B0BGSFKD7R\" rel=\"nofollow\">https:\/\/www.amazon.ca\/-\/fr\/d%C3%A9quilibre-balance-pes%C3%A9e-%C3%A9ducatif-enfants\/dp\/B0BGSFKD7R<\/a><\/p>\n","protected":false},"excerpt":{"rendered":"<p>Une balance permet aux \u00e9l\u00e8ves de comprendre les concepts de poids, d&#8217;\u00e9quilibre et de r\u00e9soudre des \u00e9quations de mani\u00e8re visuelle en manipulant des poids sur les plateaux<\/p>\n","protected":false},"featured_media":37666,"template":"","meta":[],"product_brand":[],"product_cat":[1115,1080,1081,1097,1076,1114],"product_tag":[],"class_list":{"0":"post-48429","1":"product","2":"type-product","3":"status-publish","4":"has-post-thumbnail","6":"product_cat-educational","7":"product_cat-english","8":"product_cat-french","9":"product_cat-learning","10":"product_cat-physical","11":"product_cat-practical","13":"first","14":"instock","15":"shipping-taxable","16":"product-type-simple"},"jetpack_sharing_enabled":true,"_links":{"self":[{"href":"https:\/\/edyka.org\/en\/wp-json\/wp\/v2\/product\/48429","targetHints":{"allow":["GET"]}}],"collection":[{"href":"https:\/\/edyka.org\/en\/wp-json\/wp\/v2\/product"}],"about":[{"href":"https:\/\/edyka.org\/en\/wp-json\/wp\/v2\/types\/product"}],"wp:featuredmedia":[{"embeddable":true,"href":"https:\/\/edyka.org\/en\/wp-json\/wp\/v2\/media\/37666"}],"wp:attachment":[{"href":"https:\/\/edyka.org\/en\/wp-json\/wp\/v2\/media?parent=48429"}],"wp:term":[{"taxonomy":"product_brand","embeddable":true,"href":"https:\/\/edyka.org\/en\/wp-json\/wp\/v2\/product_brand?post=48429"},{"taxonomy":"product_cat","embeddable":true,"href":"https:\/\/edyka.org\/en\/wp-json\/wp\/v2\/product_cat?post=48429"},{"taxonomy":"product_tag","embeddable":true,"href":"https:\/\/edyka.org\/en\/wp-json\/wp\/v2\/product_tag?post=48429"}],"curies":[{"name":"wp","href":"https:\/\/api.w.org\/{rel}","templated":true}]}}