{"id":48426,"date":"2025-07-22T10:31:17","date_gmt":"2025-07-22T14:31:17","guid":{"rendered":"https:\/\/edyka.org\/produit\/tablette-graphique-wacom-intuos\/"},"modified":"2025-07-22T10:31:17","modified_gmt":"2025-07-22T14:31:17","slug":"tablette-graphique-wacom-intuos","status":"publish","type":"product","link":"https:\/\/edyka.org\/en\/produit\/tablette-graphique-wacom-intuos\/","title":{"rendered":"Tablette graphique Wacom Intuos"},"content":{"rendered":"<p><a href=\"https:\/\/www.wacom.com\/en-us\/products\/pen-tablets\/wacom-intuos\" rel=\"nofollow\">https:\/\/www.wacom.com\/en-us\/products\/pen-tablets\/wacom-intuos<\/a><\/p>\n","protected":false},"excerpt":{"rendered":"<p>La tablette graphique Wacom Intuos est une option populaire pour les enfants ayant des probl\u00e8mes de coordination motrice. Elle permet d&#8217;\u00e9crire et de dessiner avec pr\u00e9cision \u00e0 l&#8217;aide d&#8217;un stylet, offrant ainsi une exp\u00e9rience similaire \u00e0 celle de l&#8217;\u00e9criture traditionnelle<\/p>\n","protected":false},"featured_media":37662,"template":"","meta":[],"product_brand":[],"product_cat":[1080,1074,1100,1114],"product_tag":[],"class_list":{"0":"post-48426","1":"product","2":"type-product","3":"status-publish","4":"has-post-thumbnail","6":"product_cat-english","7":"product_cat-interactive","8":"product_cat-motor-coordination","9":"product_cat-practical","11":"first","12":"instock","13":"shipping-taxable","14":"product-type-simple"},"jetpack_sharing_enabled":true,"_links":{"self":[{"href":"https:\/\/edyka.org\/en\/wp-json\/wp\/v2\/product\/48426","targetHints":{"allow":["GET"]}}],"collection":[{"href":"https:\/\/edyka.org\/en\/wp-json\/wp\/v2\/product"}],"about":[{"href":"https:\/\/edyka.org\/en\/wp-json\/wp\/v2\/types\/product"}],"wp:featuredmedia":[{"embeddable":true,"href":"https:\/\/edyka.org\/en\/wp-json\/wp\/v2\/media\/37662"}],"wp:attachment":[{"href":"https:\/\/edyka.org\/en\/wp-json\/wp\/v2\/media?parent=48426"}],"wp:term":[{"taxonomy":"product_brand","embeddable":true,"href":"https:\/\/edyka.org\/en\/wp-json\/wp\/v2\/product_brand?post=48426"},{"taxonomy":"product_cat","embeddable":true,"href":"https:\/\/edyka.org\/en\/wp-json\/wp\/v2\/product_cat?post=48426"},{"taxonomy":"product_tag","embeddable":true,"href":"https:\/\/edyka.org\/en\/wp-json\/wp\/v2\/product_tag?post=48426"}],"curies":[{"name":"wp","href":"https:\/\/api.w.org\/{rel}","templated":true}]}}