{"id":48422,"date":"2025-07-22T10:32:02","date_gmt":"2025-07-22T14:32:02","guid":{"rendered":"https:\/\/edyka.org\/produit\/collection-busy-play-geosticks\/"},"modified":"2025-07-22T10:32:02","modified_gmt":"2025-07-22T14:32:02","slug":"collection-busy-play-geosticks","status":"publish","type":"product","link":"https:\/\/edyka.org\/en\/produit\/collection-busy-play-geosticks\/","title":{"rendered":"Collection Busy Play Geosticks"},"content":{"rendered":"<p><a href=\"https:\/\/www.fdmt.ca\/busy-play-geostix-i-4375000\" rel=\"nofollow\">https:\/\/www.fdmt.ca\/busy-play-geostix-i-4375000<\/a><\/p>\n","protected":false},"excerpt":{"rendered":"<p>Avec GeoStix, les enfants explorent les formes et la g\u00e9om\u00e9trie de fa\u00e7on cr\u00e9ative et interactive. Les b\u00e2tonnets flexibles et color\u00e9s s\u2019assemblent facilement pour reproduire les cartes mod\u00e8les ou inventer des formes libres. Un outil ludique qui stimule la motricit\u00e9 fine, la perception spatiale et la pens\u00e9e logique.<\/p>\n","protected":false},"featured_media":19292,"template":"","meta":[],"product_brand":[],"product_cat":[1115,1080,1081,1097,1076,1114],"product_tag":[1121,1120],"class_list":{"0":"post-48422","1":"product","2":"type-product","3":"status-publish","4":"has-post-thumbnail","6":"product_cat-educational","7":"product_cat-english","8":"product_cat-french","9":"product_cat-learning","10":"product_cat-physical","11":"product_cat-practical","12":"product_tag-new","13":"product_tag-teachers","15":"first","16":"instock","17":"shipping-taxable","18":"product-type-simple"},"jetpack_sharing_enabled":true,"_links":{"self":[{"href":"https:\/\/edyka.org\/en\/wp-json\/wp\/v2\/product\/48422","targetHints":{"allow":["GET"]}}],"collection":[{"href":"https:\/\/edyka.org\/en\/wp-json\/wp\/v2\/product"}],"about":[{"href":"https:\/\/edyka.org\/en\/wp-json\/wp\/v2\/types\/product"}],"wp:featuredmedia":[{"embeddable":true,"href":"https:\/\/edyka.org\/en\/wp-json\/wp\/v2\/media\/19292"}],"wp:attachment":[{"href":"https:\/\/edyka.org\/en\/wp-json\/wp\/v2\/media?parent=48422"}],"wp:term":[{"taxonomy":"product_brand","embeddable":true,"href":"https:\/\/edyka.org\/en\/wp-json\/wp\/v2\/product_brand?post=48422"},{"taxonomy":"product_cat","embeddable":true,"href":"https:\/\/edyka.org\/en\/wp-json\/wp\/v2\/product_cat?post=48422"},{"taxonomy":"product_tag","embeddable":true,"href":"https:\/\/edyka.org\/en\/wp-json\/wp\/v2\/product_tag?post=48422"}],"curies":[{"name":"wp","href":"https:\/\/api.w.org\/{rel}","templated":true}]}}