{"id":48420,"date":"2025-07-22T10:32:03","date_gmt":"2025-07-22T14:32:03","guid":{"rendered":"https:\/\/edyka.org\/produit\/short-edition\/"},"modified":"2025-07-22T10:32:03","modified_gmt":"2025-07-22T14:32:03","slug":"short-edition","status":"publish","type":"product","link":"https:\/\/edyka.org\/en\/produit\/short-edition\/","title":{"rendered":"Short edition"},"content":{"rendered":"<p><a href=\"https:\/\/jeunesse.short-edition.com\/podcasts\" rel=\"nofollow\">https:\/\/jeunesse.short-edition.com\/podcasts<\/a><\/p>\n","protected":false},"excerpt":{"rendered":"<p>Histoires \u00e0 \u00e9couter (Short \u00e9dition jeunesse)<\/p>\n","protected":false},"featured_media":37660,"template":"","meta":[],"product_brand":[],"product_cat":[1081,1097,1077,1113],"product_tag":[],"class_list":{"0":"post-48420","1":"product","2":"type-product","3":"status-publish","4":"has-post-thumbnail","6":"product_cat-french","7":"product_cat-learning","8":"product_cat-text","9":"product_cat-youth","11":"first","12":"instock","13":"shipping-taxable","14":"product-type-simple"},"jetpack_sharing_enabled":true,"_links":{"self":[{"href":"https:\/\/edyka.org\/en\/wp-json\/wp\/v2\/product\/48420","targetHints":{"allow":["GET"]}}],"collection":[{"href":"https:\/\/edyka.org\/en\/wp-json\/wp\/v2\/product"}],"about":[{"href":"https:\/\/edyka.org\/en\/wp-json\/wp\/v2\/types\/product"}],"wp:featuredmedia":[{"embeddable":true,"href":"https:\/\/edyka.org\/en\/wp-json\/wp\/v2\/media\/37660"}],"wp:attachment":[{"href":"https:\/\/edyka.org\/en\/wp-json\/wp\/v2\/media?parent=48420"}],"wp:term":[{"taxonomy":"product_brand","embeddable":true,"href":"https:\/\/edyka.org\/en\/wp-json\/wp\/v2\/product_brand?post=48420"},{"taxonomy":"product_cat","embeddable":true,"href":"https:\/\/edyka.org\/en\/wp-json\/wp\/v2\/product_cat?post=48420"},{"taxonomy":"product_tag","embeddable":true,"href":"https:\/\/edyka.org\/en\/wp-json\/wp\/v2\/product_tag?post=48420"}],"curies":[{"name":"wp","href":"https:\/\/api.w.org\/{rel}","templated":true}]}}