{"id":48415,"date":"2025-07-22T10:32:05","date_gmt":"2025-07-22T14:32:05","guid":{"rendered":"https:\/\/edyka.org\/produit\/harry-potter\/"},"modified":"2025-07-22T10:32:05","modified_gmt":"2025-07-22T14:32:05","slug":"harry-potter","status":"publish","type":"product","link":"https:\/\/edyka.org\/en\/produit\/harry-potter\/","title":{"rendered":"Harry Potter"},"content":{"rendered":"<p><a href=\"https:\/\/www.wizardingworld.com\/\" rel=\"nofollow\">https:\/\/www.wizardingworld.com\/<\/a><\/p>\n","protected":false},"excerpt":{"rendered":"<p>Les aventures d&#8217;un jeune sorcier, Harry Potter \u00e0 l&#8217;\u00e9cole de sorcellerie Poudlard, dirig\u00e9e par Albus Dumbledore. Combat contre Lord Voldemort, un mage noir \u00e0 la recherche de l&#8217;immortalit\u00e9 qui a assassin\u00e9 les parents de Harry.<\/p>\n","protected":false},"featured_media":22564,"template":"","meta":[],"product_brand":[],"product_cat":[1101,1081,1083,1077,1113],"product_tag":[],"class_list":{"0":"post-48415","1":"product","2":"type-product","3":"status-publish","4":"has-post-thumbnail","6":"product_cat-enrichment","7":"product_cat-french","8":"product_cat-giftedness","9":"product_cat-text","10":"product_cat-youth","12":"first","13":"instock","14":"shipping-taxable","15":"product-type-simple"},"jetpack_sharing_enabled":true,"_links":{"self":[{"href":"https:\/\/edyka.org\/en\/wp-json\/wp\/v2\/product\/48415","targetHints":{"allow":["GET"]}}],"collection":[{"href":"https:\/\/edyka.org\/en\/wp-json\/wp\/v2\/product"}],"about":[{"href":"https:\/\/edyka.org\/en\/wp-json\/wp\/v2\/types\/product"}],"wp:featuredmedia":[{"embeddable":true,"href":"https:\/\/edyka.org\/en\/wp-json\/wp\/v2\/media\/22564"}],"wp:attachment":[{"href":"https:\/\/edyka.org\/en\/wp-json\/wp\/v2\/media?parent=48415"}],"wp:term":[{"taxonomy":"product_brand","embeddable":true,"href":"https:\/\/edyka.org\/en\/wp-json\/wp\/v2\/product_brand?post=48415"},{"taxonomy":"product_cat","embeddable":true,"href":"https:\/\/edyka.org\/en\/wp-json\/wp\/v2\/product_cat?post=48415"},{"taxonomy":"product_tag","embeddable":true,"href":"https:\/\/edyka.org\/en\/wp-json\/wp\/v2\/product_tag?post=48415"}],"curies":[{"name":"wp","href":"https:\/\/api.w.org\/{rel}","templated":true}]}}