{"id":48412,"date":"2025-07-22T10:32:06","date_gmt":"2025-07-22T14:32:06","guid":{"rendered":"https:\/\/edyka.org\/produit\/la-petite-malika\/"},"modified":"2025-07-22T10:32:06","modified_gmt":"2025-07-22T14:32:06","slug":"la-petite-malika","status":"publish","type":"product","link":"https:\/\/edyka.org\/en\/produit\/la-petite-malika\/","title":{"rendered":"La petite Malika"},"content":{"rendered":"<p><a href=\"https:\/\/www.babelio.com\/Livre\/Mahany-La-petite-Malika\/191533\" rel=\"nofollow\">https:\/\/www.babelio.com\/Livre\/Mahany-La-petite-Malika\/191533<\/a><\/p>\n","protected":false},"excerpt":{"rendered":"<p>D\u00e8s 5 ans, Malika est rep\u00e9r\u00e9e pour ses dons exceptionnels.\u00a0Comment s\u2019\u00e9panouir dans un milieu sourd et aveugle \u00e0 ses talents ? <\/p>\n","protected":false},"featured_media":22598,"template":"","meta":[],"product_brand":[],"product_cat":[1101,1081,1083,1077,1113],"product_tag":[],"class_list":{"0":"post-48412","1":"product","2":"type-product","3":"status-publish","4":"has-post-thumbnail","6":"product_cat-enrichment","7":"product_cat-french","8":"product_cat-giftedness","9":"product_cat-text","10":"product_cat-youth","12":"first","13":"instock","14":"shipping-taxable","15":"product-type-simple"},"jetpack_sharing_enabled":true,"_links":{"self":[{"href":"https:\/\/edyka.org\/en\/wp-json\/wp\/v2\/product\/48412","targetHints":{"allow":["GET"]}}],"collection":[{"href":"https:\/\/edyka.org\/en\/wp-json\/wp\/v2\/product"}],"about":[{"href":"https:\/\/edyka.org\/en\/wp-json\/wp\/v2\/types\/product"}],"wp:featuredmedia":[{"embeddable":true,"href":"https:\/\/edyka.org\/en\/wp-json\/wp\/v2\/media\/22598"}],"wp:attachment":[{"href":"https:\/\/edyka.org\/en\/wp-json\/wp\/v2\/media?parent=48412"}],"wp:term":[{"taxonomy":"product_brand","embeddable":true,"href":"https:\/\/edyka.org\/en\/wp-json\/wp\/v2\/product_brand?post=48412"},{"taxonomy":"product_cat","embeddable":true,"href":"https:\/\/edyka.org\/en\/wp-json\/wp\/v2\/product_cat?post=48412"},{"taxonomy":"product_tag","embeddable":true,"href":"https:\/\/edyka.org\/en\/wp-json\/wp\/v2\/product_tag?post=48412"}],"curies":[{"name":"wp","href":"https:\/\/api.w.org\/{rel}","templated":true}]}}