{"id":48409,"date":"2025-07-22T10:32:07","date_gmt":"2025-07-22T14:32:07","guid":{"rendered":"https:\/\/edyka.org\/produit\/comment-retrouver-lestime-de-soi\/"},"modified":"2025-07-22T10:32:07","modified_gmt":"2025-07-22T14:32:07","slug":"comment-retrouver-lestime-de-soi","status":"publish","type":"product","link":"https:\/\/edyka.org\/en\/produit\/comment-retrouver-lestime-de-soi\/","title":{"rendered":"comment retrouver l&#8217;estime de soi"},"content":{"rendered":"<p><iframe loading=\"lazy\" title=\"comment retrouver l&#039;estime de soi\" width=\"1200\" height=\"900\" src=\"https:\/\/www.youtube.com\/embed\/QUnFjSJAB_g?feature=oembed\" frameborder=\"0\" allow=\"accelerometer; autoplay; clipboard-write; encrypted-media; gyroscope; picture-in-picture; web-share\" referrerpolicy=\"strict-origin-when-cross-origin\" allowfullscreen><\/iframe><\/p>\n","protected":false},"excerpt":{"rendered":"<p>Psychiatre et psychoth\u00e9rapeute, le docteur Christophe Andr\u00e9 nous aide \u00e0 mieux comprendre les m\u00e9canismes de l&#8217;estime de soi.Selon lui, tout ne se joue pas au moment de la petite enfance et il est donc possible dagir \u00e0 tout \u00e2ge.<\/p>\n","protected":false},"featured_media":37678,"template":"","meta":[],"product_brand":[],"product_cat":[1081,1118,1107,1078],"product_tag":[],"class_list":{"0":"post-48409","1":"product","2":"type-product","3":"status-publish","4":"has-post-thumbnail","6":"product_cat-french","7":"product_cat-popularization","8":"product_cat-self-esteem","9":"product_cat-video-en","11":"first","12":"instock","13":"shipping-taxable","14":"product-type-simple"},"jetpack_sharing_enabled":true,"_links":{"self":[{"href":"https:\/\/edyka.org\/en\/wp-json\/wp\/v2\/product\/48409","targetHints":{"allow":["GET"]}}],"collection":[{"href":"https:\/\/edyka.org\/en\/wp-json\/wp\/v2\/product"}],"about":[{"href":"https:\/\/edyka.org\/en\/wp-json\/wp\/v2\/types\/product"}],"wp:featuredmedia":[{"embeddable":true,"href":"https:\/\/edyka.org\/en\/wp-json\/wp\/v2\/media\/37678"}],"wp:attachment":[{"href":"https:\/\/edyka.org\/en\/wp-json\/wp\/v2\/media?parent=48409"}],"wp:term":[{"taxonomy":"product_brand","embeddable":true,"href":"https:\/\/edyka.org\/en\/wp-json\/wp\/v2\/product_brand?post=48409"},{"taxonomy":"product_cat","embeddable":true,"href":"https:\/\/edyka.org\/en\/wp-json\/wp\/v2\/product_cat?post=48409"},{"taxonomy":"product_tag","embeddable":true,"href":"https:\/\/edyka.org\/en\/wp-json\/wp\/v2\/product_tag?post=48409"}],"curies":[{"name":"wp","href":"https:\/\/api.w.org\/{rel}","templated":true}]}}