{"id":48407,"date":"2025-07-22T10:32:08","date_gmt":"2025-07-22T14:32:08","guid":{"rendered":"https:\/\/edyka.org\/produit\/la-souris-web\/"},"modified":"2025-07-22T10:32:08","modified_gmt":"2025-07-22T14:32:08","slug":"la-souris-web","status":"publish","type":"product","link":"https:\/\/edyka.org\/en\/produit\/la-souris-web\/","title":{"rendered":"La souris-web"},"content":{"rendered":"<p><a href=\"https:\/\/www.lasouris-web.org\/\" rel=\"nofollow\">https:\/\/www.lasouris-web.org\/<\/a><\/p>\n","protected":false},"excerpt":{"rendered":"<p>Le site vous propose des liens vers des sites, des exercices en ligne et des jeux \u00e9ducatifs gratuits pour les \u00e9l\u00e8ves du pr\u00e9scolaire, du primaire et du secondaire. Ces activit\u00e9s p\u00e9dagogiques sont class\u00e9es par mati\u00e8res et par degr\u00e9s scolaires. Vous trouverez aussi une s\u00e9lection de sites pour les parents et pour tous ceux et celles qui utilisent le num\u00e9rique en \u00e9ducation<\/p>\n","protected":false},"featured_media":37654,"template":"","meta":[],"product_brand":[],"product_cat":[1081,1074,1114,1102],"product_tag":[1120],"class_list":{"0":"post-48407","1":"product","2":"type-product","3":"status-publish","4":"has-post-thumbnail","6":"product_cat-french","7":"product_cat-interactive","8":"product_cat-practical","9":"product_cat-tools","10":"product_tag-teachers","12":"first","13":"instock","14":"shipping-taxable","15":"product-type-simple"},"jetpack_sharing_enabled":true,"_links":{"self":[{"href":"https:\/\/edyka.org\/en\/wp-json\/wp\/v2\/product\/48407","targetHints":{"allow":["GET"]}}],"collection":[{"href":"https:\/\/edyka.org\/en\/wp-json\/wp\/v2\/product"}],"about":[{"href":"https:\/\/edyka.org\/en\/wp-json\/wp\/v2\/types\/product"}],"wp:featuredmedia":[{"embeddable":true,"href":"https:\/\/edyka.org\/en\/wp-json\/wp\/v2\/media\/37654"}],"wp:attachment":[{"href":"https:\/\/edyka.org\/en\/wp-json\/wp\/v2\/media?parent=48407"}],"wp:term":[{"taxonomy":"product_brand","embeddable":true,"href":"https:\/\/edyka.org\/en\/wp-json\/wp\/v2\/product_brand?post=48407"},{"taxonomy":"product_cat","embeddable":true,"href":"https:\/\/edyka.org\/en\/wp-json\/wp\/v2\/product_cat?post=48407"},{"taxonomy":"product_tag","embeddable":true,"href":"https:\/\/edyka.org\/en\/wp-json\/wp\/v2\/product_tag?post=48407"}],"curies":[{"name":"wp","href":"https:\/\/api.w.org\/{rel}","templated":true}]}}