{"id":48406,"date":"2025-07-22T10:32:08","date_gmt":"2025-07-22T14:32:08","guid":{"rendered":"https:\/\/edyka.org\/produit\/pictoselector\/"},"modified":"2026-04-10T22:30:46","modified_gmt":"2026-04-11T02:30:46","slug":"pictoselector","status":"publish","type":"product","link":"https:\/\/edyka.org\/en\/produit\/pictoselector\/","title":{"rendered":"PictoSelector"},"content":{"rendered":"<p><a href=\"https:\/\/www.pictoselector.eu\/\" rel=\"nofollow\">https:\/\/www.pictoselector.eu\/<\/a><\/p>\n","protected":false},"excerpt":{"rendered":"<p>Un logiciel de supports visuels permettant de cr\u00e9er des pictogrammes personnalis\u00e9s pour faciliter la communication et la compr\u00e9hension des enfants \u00e0 l&#8217;\u00e9cole primaire<\/p>\n","protected":false},"featured_media":37664,"template":"","meta":[],"product_brand":[],"product_cat":[1087,1115,1080,1074,1114,1104],"product_tag":[],"class_list":{"0":"post-48406","1":"product","2":"type-product","3":"status-publish","4":"has-post-thumbnail","6":"product_cat-asd","7":"product_cat-educational","8":"product_cat-english","9":"product_cat-interactive","10":"product_cat-practical","11":"product_cat-social-emotional","13":"first","14":"instock","15":"shipping-taxable","16":"product-type-simple"},"jetpack_sharing_enabled":true,"_links":{"self":[{"href":"https:\/\/edyka.org\/en\/wp-json\/wp\/v2\/product\/48406","targetHints":{"allow":["GET"]}}],"collection":[{"href":"https:\/\/edyka.org\/en\/wp-json\/wp\/v2\/product"}],"about":[{"href":"https:\/\/edyka.org\/en\/wp-json\/wp\/v2\/types\/product"}],"wp:featuredmedia":[{"embeddable":true,"href":"https:\/\/edyka.org\/en\/wp-json\/wp\/v2\/media\/37664"}],"wp:attachment":[{"href":"https:\/\/edyka.org\/en\/wp-json\/wp\/v2\/media?parent=48406"}],"wp:term":[{"taxonomy":"product_brand","embeddable":true,"href":"https:\/\/edyka.org\/en\/wp-json\/wp\/v2\/product_brand?post=48406"},{"taxonomy":"product_cat","embeddable":true,"href":"https:\/\/edyka.org\/en\/wp-json\/wp\/v2\/product_cat?post=48406"},{"taxonomy":"product_tag","embeddable":true,"href":"https:\/\/edyka.org\/en\/wp-json\/wp\/v2\/product_tag?post=48406"}],"curies":[{"name":"wp","href":"https:\/\/api.w.org\/{rel}","templated":true}]}}