{"id":48399,"date":"2025-07-22T10:32:22","date_gmt":"2025-07-22T14:32:22","guid":{"rendered":"https:\/\/edyka.org\/produit\/la-depression-existentielle-chez-les-surdoues\/"},"modified":"2025-07-22T10:32:22","modified_gmt":"2025-07-22T14:32:22","slug":"la-depression-existentielle-chez-les-surdoues","status":"publish","type":"product","link":"https:\/\/edyka.org\/en\/produit\/la-depression-existentielle-chez-les-surdoues\/","title":{"rendered":"La d\u00e9pression existentielle chez les surdou\u00e9s"},"content":{"rendered":"<p>L&#8217;article est dans notre drive, je t&#8217;envoie une copie par courriel<br \/>\n<a href=\"https:\/\/drive.google.com\/drive\/home\" rel=\"nofollow\">https:\/\/drive.google.com\/drive\/home<\/a><\/p>\n","protected":false},"excerpt":{"rendered":"<p>Cet article explique comment les personnes surdou\u00e9es peuvent souffrir de d\u00e9pression existentielle en raison de leur capacit\u00e9 \u00e0 r\u00e9fl\u00e9chir profond\u00e9ment sur la vie et l&#8217;existence. Ces personnes peuvent se sentir isol\u00e9es et incompatibles avec le monde qui les entoure, ce qui peut entra\u00eener des pens\u00e9es suicidaires. Il est important de reconna\u00eetre ces sentiments et de les traiter avec des th\u00e9rapies sp\u00e9cifiques pour aider les personnes surdou\u00e9es \u00e0 surmonter cette forme de d\u00e9pression.<\/p>\n","protected":false},"featured_media":16527,"template":"","meta":[],"product_brand":[],"product_cat":[1081,1083,1116,1077],"product_tag":[],"class_list":{"0":"post-48399","1":"product","2":"type-product","3":"status-publish","4":"has-post-thumbnail","6":"product_cat-french","7":"product_cat-giftedness","8":"product_cat-scientific","9":"product_cat-text","11":"first","12":"instock","13":"shipping-taxable","14":"product-type-simple"},"jetpack_sharing_enabled":true,"_links":{"self":[{"href":"https:\/\/edyka.org\/en\/wp-json\/wp\/v2\/product\/48399","targetHints":{"allow":["GET"]}}],"collection":[{"href":"https:\/\/edyka.org\/en\/wp-json\/wp\/v2\/product"}],"about":[{"href":"https:\/\/edyka.org\/en\/wp-json\/wp\/v2\/types\/product"}],"version-history":[{"count":0,"href":"https:\/\/edyka.org\/en\/wp-json\/wp\/v2\/product\/48399\/revisions"}],"wp:featuredmedia":[{"embeddable":true,"href":"https:\/\/edyka.org\/en\/wp-json\/wp\/v2\/media\/16527"}],"wp:attachment":[{"href":"https:\/\/edyka.org\/en\/wp-json\/wp\/v2\/media?parent=48399"}],"wp:term":[{"taxonomy":"product_brand","embeddable":true,"href":"https:\/\/edyka.org\/en\/wp-json\/wp\/v2\/product_brand?post=48399"},{"taxonomy":"product_cat","embeddable":true,"href":"https:\/\/edyka.org\/en\/wp-json\/wp\/v2\/product_cat?post=48399"},{"taxonomy":"product_tag","embeddable":true,"href":"https:\/\/edyka.org\/en\/wp-json\/wp\/v2\/product_tag?post=48399"}],"curies":[{"name":"wp","href":"https:\/\/api.w.org\/{rel}","templated":true}]}}