{"id":48397,"date":"2025-07-22T10:32:22","date_gmt":"2025-07-22T14:32:22","guid":{"rendered":"https:\/\/edyka.org\/produit\/grand-duc-en-ligne\/"},"modified":"2025-07-22T10:32:22","modified_gmt":"2025-07-22T14:32:22","slug":"grand-duc-en-ligne","status":"publish","type":"product","link":"https:\/\/edyka.org\/en\/produit\/grand-duc-en-ligne\/","title":{"rendered":"Grand Duc en ligne"},"content":{"rendered":"<p><a href=\"https:\/\/www.grandducenligne.com\/fr\/events\/du-materiel-numerique-gratuit\" rel=\"nofollow\">https:\/\/www.grandducenligne.com\/fr\/events\/du-materiel-numerique-gratuit<\/a><\/p>\n","protected":false},"excerpt":{"rendered":"<p>Pour que vous puissiez continuer les activit\u00e9s d\u2019apprentissage, des outils et du mat\u00e9rielp\u00e9dagogiquegratuits sont mis \u00e0 votre disposition.<\/p>\n","protected":false},"featured_media":37654,"template":"","meta":[],"product_brand":[],"product_cat":[1081,1074,1114,1102],"product_tag":[1120],"class_list":{"0":"post-48397","1":"product","2":"type-product","3":"status-publish","4":"has-post-thumbnail","6":"product_cat-french","7":"product_cat-interactive","8":"product_cat-practical","9":"product_cat-tools","10":"product_tag-teachers","12":"first","13":"instock","14":"shipping-taxable","15":"product-type-simple"},"jetpack_sharing_enabled":true,"_links":{"self":[{"href":"https:\/\/edyka.org\/en\/wp-json\/wp\/v2\/product\/48397","targetHints":{"allow":["GET"]}}],"collection":[{"href":"https:\/\/edyka.org\/en\/wp-json\/wp\/v2\/product"}],"about":[{"href":"https:\/\/edyka.org\/en\/wp-json\/wp\/v2\/types\/product"}],"wp:featuredmedia":[{"embeddable":true,"href":"https:\/\/edyka.org\/en\/wp-json\/wp\/v2\/media\/37654"}],"wp:attachment":[{"href":"https:\/\/edyka.org\/en\/wp-json\/wp\/v2\/media?parent=48397"}],"wp:term":[{"taxonomy":"product_brand","embeddable":true,"href":"https:\/\/edyka.org\/en\/wp-json\/wp\/v2\/product_brand?post=48397"},{"taxonomy":"product_cat","embeddable":true,"href":"https:\/\/edyka.org\/en\/wp-json\/wp\/v2\/product_cat?post=48397"},{"taxonomy":"product_tag","embeddable":true,"href":"https:\/\/edyka.org\/en\/wp-json\/wp\/v2\/product_tag?post=48397"}],"curies":[{"name":"wp","href":"https:\/\/api.w.org\/{rel}","templated":true}]}}