{"id":48392,"date":"2025-07-22T10:32:24","date_gmt":"2025-07-22T14:32:24","guid":{"rendered":"https:\/\/edyka.org\/produit\/my-script-calculator\/"},"modified":"2025-07-22T10:32:24","modified_gmt":"2025-07-22T14:32:24","slug":"my-script-calculator","status":"publish","type":"product","link":"https:\/\/edyka.org\/en\/produit\/my-script-calculator\/","title":{"rendered":"My Script calculator"},"content":{"rendered":"<p><a href=\"https:\/\/apps.apple.com\/fr\/app\/myscript-calculator\/id1304488725\" rel=\"nofollow\">https:\/\/apps.apple.com\/fr\/app\/myscript-calculator\/id1304488725<\/a><\/p>\n","protected":false},"excerpt":{"rendered":"<p>Une calculatrice qui fonctionne en \u00e9crivant \u00e0 la main sur la tablette (\u00e9criture manuscrite).<\/p>\n","protected":false},"featured_media":37666,"template":"","meta":[],"product_brand":[],"product_cat":[1115,1080,1074,1097,1114],"product_tag":[],"class_list":{"0":"post-48392","1":"product","2":"type-product","3":"status-publish","4":"has-post-thumbnail","6":"product_cat-educational","7":"product_cat-english","8":"product_cat-interactive","9":"product_cat-learning","10":"product_cat-practical","12":"first","13":"instock","14":"shipping-taxable","15":"product-type-simple"},"jetpack_sharing_enabled":true,"_links":{"self":[{"href":"https:\/\/edyka.org\/en\/wp-json\/wp\/v2\/product\/48392","targetHints":{"allow":["GET"]}}],"collection":[{"href":"https:\/\/edyka.org\/en\/wp-json\/wp\/v2\/product"}],"about":[{"href":"https:\/\/edyka.org\/en\/wp-json\/wp\/v2\/types\/product"}],"wp:featuredmedia":[{"embeddable":true,"href":"https:\/\/edyka.org\/en\/wp-json\/wp\/v2\/media\/37666"}],"wp:attachment":[{"href":"https:\/\/edyka.org\/en\/wp-json\/wp\/v2\/media?parent=48392"}],"wp:term":[{"taxonomy":"product_brand","embeddable":true,"href":"https:\/\/edyka.org\/en\/wp-json\/wp\/v2\/product_brand?post=48392"},{"taxonomy":"product_cat","embeddable":true,"href":"https:\/\/edyka.org\/en\/wp-json\/wp\/v2\/product_cat?post=48392"},{"taxonomy":"product_tag","embeddable":true,"href":"https:\/\/edyka.org\/en\/wp-json\/wp\/v2\/product_tag?post=48392"}],"curies":[{"name":"wp","href":"https:\/\/api.w.org\/{rel}","templated":true}]}}